{"id":1791,"date":"2018-04-06T17:00:51","date_gmt":"2018-04-06T20:00:51","guid":{"rendered":"https:\/\/www.motocultura.com.br\/home\/?page_id=1791"},"modified":"2018-04-06T17:00:51","modified_gmt":"2018-04-06T20:00:51","slug":"politica-de-privacidade","status":"publish","type":"page","link":"https:\/\/www.motocultura.com.br\/home\/politica-de-privacidade\/","title":{"rendered":"Pol\u00edtica de privacidade"},"content":{"rendered":"<p>Todas as informa\u00e7\u00f5es eventualmente recolhidas por Motocultura ser\u00e3o utilizadas para tornar sua visita mais produtiva e agrad\u00e1vel. A garantia da confidencialidade de seus dados pessoais \u00e9 muito importante e todas as informa\u00e7\u00f5es relativas aos visitantes que utilizem Motocultura ser\u00e3o tratadas em concord\u00e2ncia com a Lei da Prote\u00e7\u00e3o de Dados Pessoais de 26 de outubro de 1998 (Lei n.\u00ba 67\/98).<\/p>\n<p>A informa\u00e7\u00e3o pessoal recolhida pode incluir o seu nome, e-mail, n\u00famero de telefone e\/ou telem\u00f3vel, morada, data de nascimento e\/ou outros.<\/p>\n<p>O uso de Motocultura pressup\u00f5e a aceita\u00e7\u00e3o deste Acordo de privacidade. A equipe de Motocultura reserva-se ao direito de alterar este acordo sem aviso pr\u00e9vio. Deste modo, recomendamos que consulte a nossa pol\u00edtica de privacidade com regularidade de forma a estar sempre atualizado.<\/p>\n<h4>Os an\u00fancios<\/h4>\n<p>Tal como em outros websites, coletamos e utilizamos informa\u00e7\u00e3o atrav\u00e9s dos an\u00fancios exibidos no site. Essa informa\u00e7\u00e3o inclui o seu endere\u00e7o IP (Internet Protocol), o seu ISP (Internet Service Provider), o browser que utilizou ao visitar o nosso website (como o Internet Explorer ou o Firefox), o tempo da sua visita e tamb\u00e9m que p\u00e1ginas visitou.<\/p>\n<h4>Cookie DoubleClick Dart<\/h4>\n<p>O Google, como fornecedor de terceiros, utiliza cookies para exibir an\u00fancios no nosso website;<\/p>\n<p>Com o cookie DART, o Google pode exibir an\u00fancios com base nas visitas que o leitor fez a outros websites na Internet;<\/p>\n<p>Os utilizadores podem desativar o cookie DART visitando a Pol\u00edtica de privacidade da rede de conte\u00fado e dos an\u00fancios do Google.<\/p>\n<h4>Os Cookies e Web Beacons<\/h4>\n<p>Utilizamos cookies para armazenar informa\u00e7\u00e3o, tais como as suas prefer\u00eancias pessoais quando visita o nosso website.<\/p>\n<p>Em adi\u00e7\u00e3o tamb\u00e9m utilizamos publicidade de terceiros no nosso website para suportar os custos de manuten\u00e7\u00e3o. Os an\u00fancios publicit\u00e1rios poder\u00e3o utilizar tecnologias como os cookies e\/ou web beacons quando aparecem em no nosso website, o que far\u00e1 com que os anunciantes (como o Google atrav\u00e9s do Google AdSense) tamb\u00e9m recebam a sua informa\u00e7\u00e3o pessoal, como o endere\u00e7o IP, o seu ISP, o seu browser, etc. Esta fun\u00e7\u00e3o \u00e9 geralmente utilizada para geotargeting (mostrar publicidade de um local apenas aos leitores oriundos daquele mesmo local, por exemplo.) ou apresentar publicidade direcionada a um tipo de usu\u00e1ro (como mostrar publicidade de restaurante a um usu\u00e1rio que visita sites de culin\u00e1ria regularmente, por exemplo).<\/p>\n<p>Voc\u00ea pode desabilitar seus cookies nas op\u00e7\u00f5es do seu browser ou efetuando altera\u00e7\u00f5es nas ferramentas de programas Anti-Virus, como o Norton Internet Security. No entanto, isso poder\u00e1 alterar a forma como interage com o site ou mesmo outros websites. Isso poder\u00e1 afetar ou n\u00e3o permitir que fa\u00e7a logins em programas, sites ou f\u00f3runs da nossa e de outras redes.<\/p>\n<h4>Links para sites de terceiros<\/h4>\n<p>O Motocultura possui links para outros sites, os quais, a nosso ver, podem conter informa\u00e7\u00f5es e ferramentas \u00fateis para os nossos visitantes. A nossa pol\u00edtica de privacidade n\u00e3o \u00e9 aplicada a sites de terceiros. Caso visite outro site a partir do nosso, dever\u00e1 ler a politica de privacidade do mesmo. N\u00e3o nos responsabilizamos pela pol\u00edtica de privacidade ou conte\u00fado presente nesses mesmos sites.<\/p>\n","protected":false},"excerpt":{"rendered":"<p>Todas as informa\u00e7\u00f5es eventualmente recolhidas por Motocultura ser\u00e3o utilizadas para tornar sua visita mais produtiva e agrad\u00e1vel. A garantia da confidencialidade de seus dados pessoais \u00e9 muito importante e todas as informa\u00e7\u00f5es relativas aos visitantes que utilizem Motocultura ser\u00e3o tratadas em concord\u00e2ncia com a Lei da Prote\u00e7\u00e3o de Dados Pessoais de 26 de outubro de [&hellip;]<\/p>\n","protected":false},"author":1,"featured_media":0,"parent":0,"menu_order":0,"comment_status":"closed","ping_status":"closed","template":"","meta":[],"jetpack-related-posts":[{"id":3137,"url":"https:\/\/www.motocultura.com.br\/home\/concurso-arte-pra-cabeca\/","url_meta":{"origin":1791,"position":0},"title":"Concurso Arte Pra Cabe\u00e7a","author":"Motocultura","date":"21 de mar\u00e7o de 2020","format":false,"excerpt":"Voc\u00ea que \u00e9 customizador, ilustrador, pintor ou mesmo entusiasta, que tal manter a mente e as m\u00e3os trabalhando e divulgar seu trabalho para o seu p\u00fablico? Ent\u00e3o a hora \u00e9 agora. Motocultura quer promover uma disputa saud\u00e1vel para justamente mostrar seu trabalho e fortalecer os profissionais que fazem disso seu\u2026","rel":"","context":"Post similar","block_context":{"text":"Post similar","link":""},"img":{"alt_text":"","src":"https:\/\/i0.wp.com\/www.motocultura.com.br\/home\/wp-content\/uploads\/2020\/03\/allan.jpg?resize=350%2C200&ssl=1","width":350,"height":200},"classes":[]},{"id":1362,"url":"https:\/\/www.motocultura.com.br\/home\/concurso-ducati-grafismo\/","url_meta":{"origin":1791,"position":1},"title":"DUCATI SCRAMBLER DOS SONHOS","author":"Motocultura","date":"9 de julho de 2017","format":false,"excerpt":"J\u00e1 pensou em desenhar um grafismo exclusivo para uma Ducati Scrambler? Pois agora voc\u00ea pode e seu desenho pode ir parar em uma Ducati Scrambler novinha! Motocultura e Ducati Campinas convidam voc\u00ea a criar um grafismo super legal para a Scrambler e enviar pra gente! Os melhores desenhos, julgados por\u2026","rel":"","context":"Post similar","block_context":{"text":"Post similar","link":""},"img":{"alt_text":"","src":"https:\/\/i0.wp.com\/www.motocultura.com.br\/home\/wp-content\/uploads\/2017\/07\/pagina.png?resize=350%2C200&ssl=1","width":350,"height":200,"srcset":"https:\/\/i0.wp.com\/www.motocultura.com.br\/home\/wp-content\/uploads\/2017\/07\/pagina.png?resize=350%2C200&ssl=1 1x, https:\/\/i0.wp.com\/www.motocultura.com.br\/home\/wp-content\/uploads\/2017\/07\/pagina.png?resize=700%2C400&ssl=1 2x"},"classes":[]},{"id":2621,"url":"https:\/\/www.motocultura.com.br\/home\/concurso-de-grafismo-ducati-scrambler-e-xdiavel-dos-sonhos\/","url_meta":{"origin":1791,"position":2},"title":"Concurso de Grafismo Ducati: Scrambler e XDiavel dos Sonhos","author":"Motocultura","date":"4 de agosto de 2019","format":false,"excerpt":"J\u00e1 pensou em criar um grafismo exclusivo para uma moto Ducati? Pois a sua cria\u00e7\u00e3o pode ir parar em uma moto Ducati novinha exclusiva assinada por voc\u00ea! Motocultura, Ducati Campinas e Ducati Mooca convidam voc\u00ea a criar um grafismo super legal para a Ducati Scrambler e para a Ducati XDiavel\u2026","rel":"","context":"Post similar","block_context":{"text":"Post similar","link":""},"img":{"alt_text":"","src":"https:\/\/i0.wp.com\/www.motocultura.com.br\/home\/wp-content\/uploads\/2019\/08\/desenho-scrambler.jpg?resize=350%2C200&ssl=1","width":350,"height":200,"srcset":"https:\/\/i0.wp.com\/www.motocultura.com.br\/home\/wp-content\/uploads\/2019\/08\/desenho-scrambler.jpg?resize=350%2C200&ssl=1 1x, https:\/\/i0.wp.com\/www.motocultura.com.br\/home\/wp-content\/uploads\/2019\/08\/desenho-scrambler.jpg?resize=700%2C400&ssl=1 2x"},"classes":[]},{"id":4017,"url":"https:\/\/www.motocultura.com.br\/home\/concurso-de-customizacao-de-motocicletas-motocultura\/","url_meta":{"origin":1791,"position":3},"title":"Concurso de Customiza\u00e7\u00e3o de Motocicletas Motocultura","author":"Motocultura","date":"26 de julho de 2021","format":false,"excerpt":"Est\u00e1 na hora da s\u00e9tima edi\u00e7\u00e3o do concurso de motocicletas customizadas Motocultura! As inscri\u00e7\u00f5es para a edi\u00e7\u00e3o 2023 est\u00e3o abertas! Neste ano, o concurso acontecer\u00e1 de forma totalmente virtual com a presen\u00e7a de convidados especiais e transmitido ao vivo pelo canal do Youtube de Motocultura. Desde 2021 j\u00e1 recebemos inscri\u00e7\u00f5es\u2026","rel":"","context":"Post similar","block_context":{"text":"Post similar","link":""},"img":{"alt_text":"","src":"https:\/\/i0.wp.com\/www.motocultura.com.br\/home\/wp-content\/uploads\/2023\/07\/abre-concurso-motocultura-2023.jpg?resize=350%2C200&ssl=1","width":350,"height":200,"srcset":"https:\/\/i0.wp.com\/www.motocultura.com.br\/home\/wp-content\/uploads\/2023\/07\/abre-concurso-motocultura-2023.jpg?resize=350%2C200&ssl=1 1x, https:\/\/i0.wp.com\/www.motocultura.com.br\/home\/wp-content\/uploads\/2023\/07\/abre-concurso-motocultura-2023.jpg?resize=700%2C400&ssl=1 2x, https:\/\/i0.wp.com\/www.motocultura.com.br\/home\/wp-content\/uploads\/2023\/07\/abre-concurso-motocultura-2023.jpg?resize=1050%2C600&ssl=1 3x"},"classes":[]},{"id":3006,"url":"https:\/\/www.motocultura.com.br\/home\/concurso-moto-customizada-motocultura-etapa-sul\/","url_meta":{"origin":1791,"position":4},"title":"Concurso Moto Customizada Motocultura Etapa Sul","author":"Motocultura","date":"2 de mar\u00e7o de 2020","format":false,"excerpt":"O que \u00e9 Motocultura e a organiza\u00e7\u00e3o do 8\u1d3c Encontro de Motos 2 Tempos convidam voc\u00ea e sua motocicleta customizada a participarem da quarta edi\u00e7\u00e3o do concurso de customiza\u00e7\u00e3o promovido por Motocultura. E dessa vez com etapa dedicada \u00e0 regi\u00e3o sul. A ideia \u00e9 revelar novos talentos e apoiar o\u2026","rel":"","context":"Post similar","block_context":{"text":"Post similar","link":""},"img":{"alt_text":"","src":"https:\/\/i0.wp.com\/www.motocultura.com.br\/home\/wp-content\/uploads\/2020\/03\/imagem-concurso-pagina.jpg?resize=350%2C200&ssl=1","width":350,"height":200,"srcset":"https:\/\/i0.wp.com\/www.motocultura.com.br\/home\/wp-content\/uploads\/2020\/03\/imagem-concurso-pagina.jpg?resize=350%2C200&ssl=1 1x, https:\/\/i0.wp.com\/www.motocultura.com.br\/home\/wp-content\/uploads\/2020\/03\/imagem-concurso-pagina.jpg?resize=700%2C400&ssl=1 2x"},"classes":[]},{"id":3640,"url":"https:\/\/www.motocultura.com.br\/home\/concurso-de-customizacao-nacional-2020\/","url_meta":{"origin":1791,"position":5},"title":"Concurso nacional de customiza\u00e7\u00e3o Motocultura\u2026","author":"Motocultura","date":"22 de julho de 2020","format":false,"excerpt":"Concurso nacional de customiza\u00e7\u00e3o Motocultura Motocultura tem como um de seus pilares, desde o in\u00edcio, promover e divulgar o trabalho de profissionais da customiza\u00e7\u00e3o no pa\u00eds. Mas, al\u00e9m disso, a ideia \u00e9 dar espa\u00e7o e visibilidade principalmente para as novas gera\u00e7\u00f5es e novos talentos do meio. Uma das iniciativas neste\u2026","rel":"","context":"Post similar","block_context":{"text":"Post similar","link":""},"img":{"alt_text":"","src":"https:\/\/i0.wp.com\/www.motocultura.com.br\/home\/wp-content\/uploads\/2020\/07\/topo-pagina-concurso-1.jpg?resize=350%2C200&ssl=1","width":350,"height":200,"srcset":"https:\/\/i0.wp.com\/www.motocultura.com.br\/home\/wp-content\/uploads\/2020\/07\/topo-pagina-concurso-1.jpg?resize=350%2C200&ssl=1 1x, https:\/\/i0.wp.com\/www.motocultura.com.br\/home\/wp-content\/uploads\/2020\/07\/topo-pagina-concurso-1.jpg?resize=700%2C400&ssl=1 2x"},"classes":[]}],"jetpack_sharing_enabled":true,"_links":{"self":[{"href":"https:\/\/www.motocultura.com.br\/home\/wp-json\/wp\/v2\/pages\/1791"}],"collection":[{"href":"https:\/\/www.motocultura.com.br\/home\/wp-json\/wp\/v2\/pages"}],"about":[{"href":"https:\/\/www.motocultura.com.br\/home\/wp-json\/wp\/v2\/types\/page"}],"author":[{"embeddable":true,"href":"https:\/\/www.motocultura.com.br\/home\/wp-json\/wp\/v2\/users\/1"}],"replies":[{"embeddable":true,"href":"https:\/\/www.motocultura.com.br\/home\/wp-json\/wp\/v2\/comments?post=1791"}],"version-history":[{"count":0,"href":"https:\/\/www.motocultura.com.br\/home\/wp-json\/wp\/v2\/pages\/1791\/revisions"}],"wp:attachment":[{"href":"https:\/\/www.motocultura.com.br\/home\/wp-json\/wp\/v2\/media?parent=1791"}],"curies":[{"name":"wp","href":"https:\/\/api.w.org\/{rel}","templated":true}]}}