{"id":2621,"date":"2019-08-04T21:27:58","date_gmt":"2019-08-05T00:27:58","guid":{"rendered":"https:\/\/www.motocultura.com.br\/home\/?page_id=2621"},"modified":"2019-09-09T17:55:15","modified_gmt":"2019-09-09T20:55:15","slug":"concurso-de-grafismo-ducati-scrambler-e-xdiavel-dos-sonhos","status":"publish","type":"page","link":"https:\/\/www.motocultura.com.br\/home\/concurso-de-grafismo-ducati-scrambler-e-xdiavel-dos-sonhos\/","title":{"rendered":"Concurso de Grafismo Ducati: Scrambler e XDiavel dos Sonhos"},"content":{"rendered":"<p><img decoding=\"async\" loading=\"lazy\" class=\"aligncenter size-full wp-image-2624\" src=\"https:\/\/www.motocultura.com.br\/home\/wp-content\/uploads\/2019\/08\/topo-concurso-grafismo.png\" alt=\"\" width=\"800\" height=\"400\" srcset=\"https:\/\/www.motocultura.com.br\/home\/wp-content\/uploads\/2019\/08\/topo-concurso-grafismo.png 800w, https:\/\/www.motocultura.com.br\/home\/wp-content\/uploads\/2019\/08\/topo-concurso-grafismo-300x150.png 300w, https:\/\/www.motocultura.com.br\/home\/wp-content\/uploads\/2019\/08\/topo-concurso-grafismo-768x384.png 768w\" sizes=\"(max-width: 800px) 100vw, 800px\" \/><\/p>\n<p>J\u00e1 pensou em criar um grafismo exclusivo para uma moto Ducati? Pois a sua cria\u00e7\u00e3o pode ir parar em uma moto Ducati novinha exclusiva assinada por voc\u00ea!<\/p>\n<p>Motocultura, Ducati Campinas e Ducati Mooca convidam voc\u00ea a criar um grafismo super legal para a Ducati Scrambler e para a Ducati XDiavel (ou para as duas!)\u00a0 e enviar pra gente!<\/p>\n<p>Os melhores desenhos ser\u00e3o expostos ao p\u00fablico nas concession\u00e1rias Ducati Mooca, e Ducati Campinas, em datas especiais, onde o melhor desenho de cada moto ser\u00e1 escolhido por uma comiss\u00e3o julgadora composta pela equipe de Motocultura e Ducati. \u00a0Na concession\u00e1ria Ducati Mooca, ser\u00e3o expostos e escolhido o melhor desenho de grafismo para a Scrambler Ducati, na Ducati Campinas ser\u00e3o expostos e escolhido, o melhor desenho de grafismo para a Ducati XDiavel, e ambos desenhos vencedores, ser\u00e3o aplicados de verdade nas respectivas motocicletas em uma vers\u00e3o exclusiv\u00edssima que receber\u00e1 certificado de exemplar \u00fanico, e assinado por voc\u00ea!<\/p>\n<p>As duas motos finalizadas com os grafismos exclusivos, ser\u00e3o apresentadas e exibidas em evento de final de ano de Motocultura em novembro de 2019. E a\u00ed,\u00a0j\u00e1 se imaginou assinando uma moto exclusiva que ser\u00e1 vendida somente no Brasil?<\/p>\n<p>No ano passado, o designer Fernando Casado teve seu desenho aplicado em uma <a href=\"https:\/\/www.motocultura.com.br\/home\/customizacao\/ducati-scrambler-dos-sonhos-os-desenhos-vencedores\/\" target=\"_blank\" rel=\"noopener\">Ducati Scrambler que foi apresentada no Sal\u00e3o das Duas Rodas pela pr\u00f3pria Ducati!<\/a><\/p>\n<h3>O DESENHO<\/h3>\n<p>Se quiser, utilize os desenhos que disponibilizamos para voc\u00ea. A utiliza\u00e7\u00e3o de nosso desenho de suporte n\u00e3o \u00e9 obrigat\u00f3ria\u00a0mas lembre-se que sua ideia precisa ficar bem clara! Voc\u00ea pode tamb\u00e9m utilizar foto montagens, manipula\u00e7\u00e3o digital, desenho vetorial ou mesmo uma arte feita a m\u00e3o. O que importa \u00e9 que sua ideia seja a mais completa poss\u00edvel para que possamos entender e analisar o seu trabalho.<\/p>\n<p><strong>Desenho de suporte da Ducati Scrambler<\/strong><br \/>\n(Clique na imagem para fazer o download do arquivo em formato PDF)<\/p>\n<p><a href=\"https:\/\/www.motocultura.com.br\/home\/wp-content\/uploads\/2019\/08\/desenho-scrambler.pdf\"><img decoding=\"async\" loading=\"lazy\" class=\"aligncenter size-full wp-image-2635\" src=\"https:\/\/www.motocultura.com.br\/home\/wp-content\/uploads\/2019\/08\/desenho-scrambler.jpg\" alt=\"\" width=\"907\" height=\"641\" srcset=\"https:\/\/www.motocultura.com.br\/home\/wp-content\/uploads\/2019\/08\/desenho-scrambler.jpg 907w, https:\/\/www.motocultura.com.br\/home\/wp-content\/uploads\/2019\/08\/desenho-scrambler-300x212.jpg 300w, https:\/\/www.motocultura.com.br\/home\/wp-content\/uploads\/2019\/08\/desenho-scrambler-768x543.jpg 768w\" sizes=\"(max-width: 907px) 100vw, 907px\" \/><\/a><\/p>\n<p>&nbsp;<\/p>\n<p><strong>Desenho de suporte da Ducati XDiavel<\/strong><br \/>\n(Clique na imagem para fazer o download do arquivo em formato PDF)<br \/>\n<a href=\"https:\/\/www.motocultura.com.br\/home\/wp-content\/uploads\/2019\/08\/desenho-xdiavel.pdf\"><img decoding=\"async\" loading=\"lazy\" class=\"aligncenter size-full wp-image-2633\" src=\"https:\/\/www.motocultura.com.br\/home\/wp-content\/uploads\/2019\/08\/desenho-xdiavel.jpg\" alt=\"\" width=\"907\" height=\"641\" srcset=\"https:\/\/www.motocultura.com.br\/home\/wp-content\/uploads\/2019\/08\/desenho-xdiavel.jpg 907w, https:\/\/www.motocultura.com.br\/home\/wp-content\/uploads\/2019\/08\/desenho-xdiavel-300x212.jpg 300w, https:\/\/www.motocultura.com.br\/home\/wp-content\/uploads\/2019\/08\/desenho-xdiavel-768x543.jpg 768w\" sizes=\"(max-width: 907px) 100vw, 907px\" \/><\/a><\/p>\n<h3>INSTRU\u00c7\u00d5ES PARA PARTICIPAR<\/h3>\n<p>1 \u2013 Fa\u00e7a o download (se for utilizar) do desenho das Ducati, imprima e trabalhe da maneira que quiser sobre ele, manual ou digitalmente.<\/p>\n<p>2 \u2013 Depois de finalizada, envie sua arte para <a href=\"mailto:contato@www.goseven.com.br\">contato@www.goseven.com.br<\/a>. N\u00e3o esque\u00e7a de deixar seu nome e um telefone de contato!<\/p>\n<p>3 &#8211; Voc\u00ea pode enviar quantos desenhos quiser.<\/p>\n<h3>SELE\u00c7\u00c3O E PREMIA\u00c7\u00c3O<\/h3>\n<p>Os melhores desenhos, julgados por Motocultura e pelas equipes da Ducati, ser\u00e3o divulgados no site de Motocultura e ter\u00e3o exibi\u00e7\u00e3o exclusiva em dois eventos promovidos pela Ducati na cidade de S\u00e3o Paulo e Campinas.<\/p>\n<p>O melhor desenho de cada moto ser\u00e1 aplicado em duas Ducatis exclusivas que ser\u00e3o reveladas em evento especial em novembro, onde cada um dos dois artistas selecionados ser\u00e3o entrevistados pelo Motocultura, assinar\u00e3o o certificado de autenticidade das motos e ir\u00e3o levar pra casa um presente surpresa da Ducati.<\/p>\n<h3>DATAS LIMITE PARA ENVIO DOS DESENHOS<\/h3>\n<p><strong>Ducati Scrambler:<\/strong> at\u00e9 dia 8 de setembro<\/p>\n<p><strong>XDiavel:<\/strong> at\u00e9 dia 29 de setembro<\/p>\n<h3>EVENTOS DE EXIBI\u00c7\u00c3O DOS GRAFISMOS SELECIONADOS<\/h3>\n<h4>Ducati XDiavel dos sonhos<\/h4>\n<p>5 de Outubro<br \/>\nS\u00e1bado<br \/>\n10hs da manh\u00e3<br \/>\nAv. Brasil, 342 &#8211; Jardim Chapad\u00e3o, Campinas &#8211; SP<\/p>\n<h4>Ducati Scrambler dos sonhos<\/h4>\n<p>12 de Outubro<br \/>\nS\u00e1bado<br \/>\n10hs da manh\u00e3<br \/>\nR. Ibipetuba, 84 &#8211; Mooca, S\u00e3o Paulo &#8211; SP<\/p>\n<h3>PARTICIPE!<\/h3>\n<p>(Clique na imagem abaixo para enviar seu desenho por e-mail)<\/p>\n<p><a href=\"mailto:contato@www.goseven.com.br\"><img decoding=\"async\" loading=\"lazy\" class=\"aligncenter wp-image-2626 size-full\" src=\"https:\/\/www.motocultura.com.br\/home\/wp-content\/uploads\/2019\/08\/envie.png\" alt=\"\" width=\"800\" height=\"150\" srcset=\"https:\/\/www.motocultura.com.br\/home\/wp-content\/uploads\/2019\/08\/envie.png 800w, https:\/\/www.motocultura.com.br\/home\/wp-content\/uploads\/2019\/08\/envie-300x56.png 300w, https:\/\/www.motocultura.com.br\/home\/wp-content\/uploads\/2019\/08\/envie-768x144.png 768w\" sizes=\"(max-width: 800px) 100vw, 800px\" \/><\/a><\/p>\n<p>&nbsp;<\/p>\n<p>&nbsp;<\/p>\n","protected":false},"excerpt":{"rendered":"<p>J\u00e1 pensou em criar um grafismo exclusivo para uma moto Ducati? Pois a sua cria\u00e7\u00e3o pode ir parar em uma moto Ducati novinha exclusiva assinada por voc\u00ea! Motocultura, Ducati Campinas e Ducati Mooca convidam voc\u00ea a criar um grafismo super legal para a Ducati Scrambler e para a Ducati XDiavel (ou para as duas!)\u00a0 e [&hellip;]<\/p>\n","protected":false},"author":1,"featured_media":0,"parent":0,"menu_order":0,"comment_status":"closed","ping_status":"closed","template":"","meta":[],"jetpack-related-posts":[{"id":1362,"url":"https:\/\/www.motocultura.com.br\/home\/concurso-ducati-grafismo\/","url_meta":{"origin":2621,"position":0},"title":"DUCATI SCRAMBLER DOS SONHOS","author":"Motocultura","date":"9 de julho de 2017","format":false,"excerpt":"J\u00e1 pensou em desenhar um grafismo exclusivo para uma Ducati Scrambler? Pois agora voc\u00ea pode e seu desenho pode ir parar em uma Ducati Scrambler novinha! Motocultura e Ducati Campinas convidam voc\u00ea a criar um grafismo super legal para a Scrambler e enviar pra gente! Os melhores desenhos, julgados por\u2026","rel":"","context":"Post similar","block_context":{"text":"Post similar","link":""},"img":{"alt_text":"","src":"https:\/\/i0.wp.com\/www.motocultura.com.br\/home\/wp-content\/uploads\/2017\/07\/pagina.png?resize=350%2C200&ssl=1","width":350,"height":200,"srcset":"https:\/\/i0.wp.com\/www.motocultura.com.br\/home\/wp-content\/uploads\/2017\/07\/pagina.png?resize=350%2C200&ssl=1 1x, https:\/\/i0.wp.com\/www.motocultura.com.br\/home\/wp-content\/uploads\/2017\/07\/pagina.png?resize=700%2C400&ssl=1 2x"},"classes":[]},{"id":145,"url":"https:\/\/www.motocultura.com.br\/home\/video-series\/","url_meta":{"origin":2621,"position":1},"title":"V\u00cdDEO S\u00c9RIES","author":"Motocultura","date":"21 de fevereiro de 2017","format":false,"excerpt":"Acompanhe nossas s\u00e9ries regulares em nosso canal do Youtube. S\u00e9rie: Customiza\u00e7\u00e3o Ducati S4RS Cafe Racer Na primeira web s\u00e9rie de Motocultura, \u00a0Duc Desmo apresenta a constru\u00e7\u00e3o de uma moto estilo Caf\u00e9-Racer a partir de uma Ducati Monster S4RS. Todo o processo, desde a compra at\u00e9 a produ\u00e7\u00e3o das pe\u00e7as exclusivas\u2026","rel":"","context":"Post similar","block_context":{"text":"Post similar","link":""},"img":{"alt_text":"ducati-cafe-racer","src":"https:\/\/motoculturasite.files.wordpress.com\/2017\/02\/ducati-cafe-racer.png?w=350&h=200&crop=1","width":350,"height":200,"srcset":"https:\/\/motoculturasite.files.wordpress.com\/2017\/02\/ducati-cafe-racer.png?w=350&h=200&crop=1 1x, https:\/\/motoculturasite.files.wordpress.com\/2017\/02\/ducati-cafe-racer.png?w=700&h=400&crop=1 2x"},"classes":[]},{"id":306,"url":"https:\/\/www.motocultura.com.br\/home\/equipe\/","url_meta":{"origin":2621,"position":2},"title":"QUEM FAZ O MOTOCULTURA","author":"Motocultura","date":"7 de janeiro de 2017","format":false,"excerpt":"This is just a short excerpt for the about\u00a0page.","rel":"","context":"Post similar","block_context":{"text":"Post similar","link":""},"img":{"alt_text":"","src":"https:\/\/i0.wp.com\/www.motocultura.com.br\/home\/wp-content\/uploads\/2020\/02\/duc-motocultura.jpg?resize=350%2C200&ssl=1","width":350,"height":200},"classes":[]},{"id":3798,"url":"https:\/\/www.motocultura.com.br\/home\/envie-seu-projeto\/","url_meta":{"origin":2621,"position":3},"title":"ENVIE SEU PROJETO","author":"Motocultura","date":"14 de agosto de 2020","format":false,"excerpt":"Ducati Monster pela SR Corse Motocultura estabeleceu-se ao longo do tempo como uma refer\u00eancia no cen\u00e1rio de customiza\u00e7\u00e3o brasileiro. Nosso Instagram \u00e9 uma fonte de inspira\u00e7\u00e3o para construtores de v\u00e1rios pa\u00edses assim como \u00e9 uma vitrine que divulga projetos para o mundo todo, inclusive para contas e canais estrangeiros especializados\u2026","rel":"","context":"Post similar","block_context":{"text":"Post similar","link":""},"img":{"alt_text":"","src":"https:\/\/i0.wp.com\/www.motocultura.com.br\/home\/wp-content\/uploads\/2020\/08\/envie.jpg?resize=350%2C200&ssl=1","width":350,"height":200,"srcset":"https:\/\/i0.wp.com\/www.motocultura.com.br\/home\/wp-content\/uploads\/2020\/08\/envie.jpg?resize=350%2C200&ssl=1 1x, https:\/\/i0.wp.com\/www.motocultura.com.br\/home\/wp-content\/uploads\/2020\/08\/envie.jpg?resize=700%2C400&ssl=1 2x"},"classes":[]},{"id":3640,"url":"https:\/\/www.motocultura.com.br\/home\/concurso-de-customizacao-nacional-2020\/","url_meta":{"origin":2621,"position":4},"title":"Concurso nacional de customiza\u00e7\u00e3o Motocultura\u2026","author":"Motocultura","date":"22 de julho de 2020","format":false,"excerpt":"Concurso nacional de customiza\u00e7\u00e3o Motocultura Motocultura tem como um de seus pilares, desde o in\u00edcio, promover e divulgar o trabalho de profissionais da customiza\u00e7\u00e3o no pa\u00eds. Mas, al\u00e9m disso, a ideia \u00e9 dar espa\u00e7o e visibilidade principalmente para as novas gera\u00e7\u00f5es e novos talentos do meio. Uma das iniciativas neste\u2026","rel":"","context":"Post similar","block_context":{"text":"Post similar","link":""},"img":{"alt_text":"","src":"https:\/\/i0.wp.com\/www.motocultura.com.br\/home\/wp-content\/uploads\/2020\/07\/topo-pagina-concurso-1.jpg?resize=350%2C200&ssl=1","width":350,"height":200,"srcset":"https:\/\/i0.wp.com\/www.motocultura.com.br\/home\/wp-content\/uploads\/2020\/07\/topo-pagina-concurso-1.jpg?resize=350%2C200&ssl=1 1x, https:\/\/i0.wp.com\/www.motocultura.com.br\/home\/wp-content\/uploads\/2020\/07\/topo-pagina-concurso-1.jpg?resize=700%2C400&ssl=1 2x"},"classes":[]},{"id":3006,"url":"https:\/\/www.motocultura.com.br\/home\/concurso-moto-customizada-motocultura-etapa-sul\/","url_meta":{"origin":2621,"position":5},"title":"Concurso Moto Customizada Motocultura Etapa Sul","author":"Motocultura","date":"2 de mar\u00e7o de 2020","format":false,"excerpt":"O que \u00e9 Motocultura e a organiza\u00e7\u00e3o do 8\u1d3c Encontro de Motos 2 Tempos convidam voc\u00ea e sua motocicleta customizada a participarem da quarta edi\u00e7\u00e3o do concurso de customiza\u00e7\u00e3o promovido por Motocultura. E dessa vez com etapa dedicada \u00e0 regi\u00e3o sul. A ideia \u00e9 revelar novos talentos e apoiar o\u2026","rel":"","context":"Post similar","block_context":{"text":"Post similar","link":""},"img":{"alt_text":"","src":"https:\/\/i0.wp.com\/www.motocultura.com.br\/home\/wp-content\/uploads\/2020\/03\/imagem-concurso-pagina.jpg?resize=350%2C200&ssl=1","width":350,"height":200,"srcset":"https:\/\/i0.wp.com\/www.motocultura.com.br\/home\/wp-content\/uploads\/2020\/03\/imagem-concurso-pagina.jpg?resize=350%2C200&ssl=1 1x, https:\/\/i0.wp.com\/www.motocultura.com.br\/home\/wp-content\/uploads\/2020\/03\/imagem-concurso-pagina.jpg?resize=700%2C400&ssl=1 2x"},"classes":[]}],"jetpack_sharing_enabled":true,"_links":{"self":[{"href":"https:\/\/www.motocultura.com.br\/home\/wp-json\/wp\/v2\/pages\/2621"}],"collection":[{"href":"https:\/\/www.motocultura.com.br\/home\/wp-json\/wp\/v2\/pages"}],"about":[{"href":"https:\/\/www.motocultura.com.br\/home\/wp-json\/wp\/v2\/types\/page"}],"author":[{"embeddable":true,"href":"https:\/\/www.motocultura.com.br\/home\/wp-json\/wp\/v2\/users\/1"}],"replies":[{"embeddable":true,"href":"https:\/\/www.motocultura.com.br\/home\/wp-json\/wp\/v2\/comments?post=2621"}],"version-history":[{"count":0,"href":"https:\/\/www.motocultura.com.br\/home\/wp-json\/wp\/v2\/pages\/2621\/revisions"}],"wp:attachment":[{"href":"https:\/\/www.motocultura.com.br\/home\/wp-json\/wp\/v2\/media?parent=2621"}],"curies":[{"name":"wp","href":"https:\/\/api.w.org\/{rel}","templated":true}]}}