{"id":3054,"date":"2020-03-11T23:28:10","date_gmt":"2020-03-12T02:28:10","guid":{"rendered":"https:\/\/www.motocultura.com.br\/home\/?page_id=3054"},"modified":"2020-03-11T23:54:16","modified_gmt":"2020-03-12T02:54:16","slug":"videos","status":"publish","type":"page","link":"https:\/\/www.motocultura.com.br\/home\/videos\/","title":{"rendered":"V\u00cdDEOS"},"content":{"rendered":"<h1>Capacete Motocultura por Pamela Papeel<\/h1>\n<p><span class=\"style-scope yt-formatted-string\" dir=\"auto\">Customiza\u00e7\u00e3o j\u00e1 h\u00e1 muito tempo \u00e9 algo que n\u00e3o fica s\u00f3 nas motocicletas. E uma das coisas mais procuradas pelos entusiastas das duas rodas \u00e9 justamente os capacetes personalizados. Depois da moto, o capacete \u00e9 o objeto que mais carrega a personalidade do dono. E foi com essa inten\u00e7\u00e3o que Motocultura procurou a artista Pamela Reis para fazer um capacete exclusiv\u00edssimo e mostrar o processo de cria\u00e7\u00e3o!<\/span><\/p>\n<p><iframe loading=\"lazy\" title=\"Customiza\u00e7\u00e3o Capacete Motocultura por Pamela Reis Papeel\" width=\"1200\" height=\"675\" src=\"https:\/\/www.youtube.com\/embed\/MwlIpQWa1z4?feature=oembed\" frameborder=\"0\" allow=\"accelerometer; autoplay; encrypted-media; gyroscope; picture-in-picture\" allowfullscreen><\/iframe><\/p>\n<h2><\/h2>\n<p>&nbsp;<\/p>\n<h1>Ednei Cantieri, o mec\u00e2nico das Yamaha RD 350<\/h1>\n<p><span class=\"style-scope yt-formatted-string\" dir=\"auto\">Paix\u00e3o \u00e9 algo inexplic\u00e1vel. S\u00f3 quem tem sabe o que \u00e9. E o que sobra em Edinei Cantieri \u00e9 paix\u00e3o pelas lend\u00e1rias Yamaha RD 350. Fomos atr\u00e1s da hist\u00f3ria do homem que \u00e9 um dos grandes respons\u00e1veis no Brasil por manter acesa a chama da motocicleta que mexeu com a cabe\u00e7a o cora\u00e7\u00e3o de tanta gente. O mec\u00e2nico dedicado \u00fanica e exclusivamente a consertar, preparar e restaurar apenas uma moto em particular, a RD 350. A hist\u00f3ria de Dinei com as RDs \u00e9 a hist\u00f3ria de um t\u00edpico brasileiro apaixonado pelas duas rodas. Uma verdadeira li\u00e7\u00e3o de paix\u00e3o, dedica\u00e7\u00e3o e humildade. Confira o bate papo que tivemos com ele contando toda sua hist\u00f3ria, a forma como trabalha, o que almeja e tamb\u00e9m com dicas valiosas para quem tem ou quer ter uma das motocicletas mais queridas no Brasil.<\/span><\/p>\n<p><iframe loading=\"lazy\" title=\"Edinei Cantieri - O mec\u00e2nico das Yamaha RD 350\" width=\"1200\" height=\"675\" src=\"https:\/\/www.youtube.com\/embed\/4Fd1rk7ZStE?feature=oembed\" frameborder=\"0\" allow=\"accelerometer; autoplay; encrypted-media; gyroscope; picture-in-picture\" allowfullscreen><\/iframe><\/p>\n<h2><\/h2>\n<p>&nbsp;<\/p>\n<h1>As 50 motos mais curtidos no Instagram de Motocultura<\/h1>\n<p>Em comemora\u00e7\u00e3o aos 50.000 seguidores no Instagram, fizemos um v\u00eddeo de agradecimento com as 50 motos customizadas mais curtidas pelos nossos seguidores. Entre Cafe Racer, Boober, Bratstyle, Flat Track, Streetfighter, Streetrack e motos cl\u00e1ssicas, o v\u00eddeo resume a incr\u00edvel produ\u00e7\u00e3o dos melhores customizadores, construtores e restauradores que fizeram parte destes 2 \u00faltimos anos da hist\u00f3ria do MOTOCULTURA.<\/p>\n<p><iframe loading=\"lazy\" title=\"As 50 motos customizadas mais curtidas do nosso Instagram! Caf\u00e9 Racer, Boober, Bratstyle e FlatTrack\" width=\"1200\" height=\"675\" src=\"https:\/\/www.youtube.com\/embed\/I-ZM7qOigAs?feature=oembed\" frameborder=\"0\" allow=\"accelerometer; autoplay; encrypted-media; gyroscope; picture-in-picture\" allowfullscreen><\/iframe><\/p>\n<p>&nbsp;<\/p>\n<p>&nbsp;<\/p>\n<h1>Sal\u00e3o Duas Rodas 2019 por Motocultura<\/h1>\n<p>Estivemos na pr\u00e9 estreia do Sal\u00e3o Duas Rodas 2019 e como n\u00e3o poderia deixar de ser, Motocultura foi conferir aquilo que interessa: as motos que n\u00e3o estar\u00e3o nas concession\u00e1rias! As customizadas sempre foram nosso foco e no sal\u00e3o n\u00e3o poderia ser diferente, n\u00e3o \u00e9?<\/p>\n<p><iframe loading=\"lazy\" title=\"Sal\u00e3o Duas Rodas 2019 por Motocultura\" width=\"1200\" height=\"675\" src=\"https:\/\/www.youtube.com\/embed\/Tk1iYpp-lZw?feature=oembed\" frameborder=\"0\" allow=\"accelerometer; autoplay; encrypted-media; gyroscope; picture-in-picture\" allowfullscreen><\/iframe><\/p>\n<p>&nbsp;<\/p>\n<p>Quer ver mais? Acesse nosso <a href=\"https:\/\/www.youtube.com\/channel\/UC8Rk2qWoeH9DXF89ylj-Fxw\" target=\"_blank\" rel=\"noopener\">canal no Youtube<\/a>!<\/p>\n","protected":false},"excerpt":{"rendered":"<p>Capacete Motocultura por Pamela Papeel Customiza\u00e7\u00e3o j\u00e1 h\u00e1 muito tempo \u00e9 algo que n\u00e3o fica s\u00f3 nas motocicletas. E uma das coisas mais procuradas pelos entusiastas das duas rodas \u00e9 justamente os capacetes personalizados. Depois da moto, o capacete \u00e9 o objeto que mais carrega a personalidade do dono. E foi com essa inten\u00e7\u00e3o que [&hellip;]<\/p>\n","protected":false},"author":1,"featured_media":0,"parent":0,"menu_order":0,"comment_status":"closed","ping_status":"closed","template":"","meta":[],"jetpack-related-posts":[{"id":1362,"url":"https:\/\/www.motocultura.com.br\/home\/concurso-ducati-grafismo\/","url_meta":{"origin":3054,"position":0},"title":"DUCATI SCRAMBLER DOS SONHOS","author":"Motocultura","date":"9 de julho de 2017","format":false,"excerpt":"J\u00e1 pensou em desenhar um grafismo exclusivo para uma Ducati Scrambler? Pois agora voc\u00ea pode e seu desenho pode ir parar em uma Ducati Scrambler novinha! Motocultura e Ducati Campinas convidam voc\u00ea a criar um grafismo super legal para a Scrambler e enviar pra gente! Os melhores desenhos, julgados por\u2026","rel":"","context":"Post similar","block_context":{"text":"Post similar","link":""},"img":{"alt_text":"","src":"https:\/\/i0.wp.com\/www.motocultura.com.br\/home\/wp-content\/uploads\/2017\/07\/pagina.png?resize=350%2C200&ssl=1","width":350,"height":200,"srcset":"https:\/\/i0.wp.com\/www.motocultura.com.br\/home\/wp-content\/uploads\/2017\/07\/pagina.png?resize=350%2C200&ssl=1 1x, https:\/\/i0.wp.com\/www.motocultura.com.br\/home\/wp-content\/uploads\/2017\/07\/pagina.png?resize=700%2C400&ssl=1 2x"},"classes":[]},{"id":3640,"url":"https:\/\/www.motocultura.com.br\/home\/concurso-de-customizacao-nacional-2020\/","url_meta":{"origin":3054,"position":1},"title":"Concurso nacional de customiza\u00e7\u00e3o Motocultura\u2026","author":"Motocultura","date":"22 de julho de 2020","format":false,"excerpt":"Concurso nacional de customiza\u00e7\u00e3o Motocultura Motocultura tem como um de seus pilares, desde o in\u00edcio, promover e divulgar o trabalho de profissionais da customiza\u00e7\u00e3o no pa\u00eds. Mas, al\u00e9m disso, a ideia \u00e9 dar espa\u00e7o e visibilidade principalmente para as novas gera\u00e7\u00f5es e novos talentos do meio. Uma das iniciativas neste\u2026","rel":"","context":"Post similar","block_context":{"text":"Post similar","link":""},"img":{"alt_text":"","src":"https:\/\/i0.wp.com\/www.motocultura.com.br\/home\/wp-content\/uploads\/2020\/07\/topo-pagina-concurso-1.jpg?resize=350%2C200&ssl=1","width":350,"height":200,"srcset":"https:\/\/i0.wp.com\/www.motocultura.com.br\/home\/wp-content\/uploads\/2020\/07\/topo-pagina-concurso-1.jpg?resize=350%2C200&ssl=1 1x, https:\/\/i0.wp.com\/www.motocultura.com.br\/home\/wp-content\/uploads\/2020\/07\/topo-pagina-concurso-1.jpg?resize=700%2C400&ssl=1 2x"},"classes":[]},{"id":3137,"url":"https:\/\/www.motocultura.com.br\/home\/concurso-arte-pra-cabeca\/","url_meta":{"origin":3054,"position":2},"title":"Concurso Arte Pra Cabe\u00e7a","author":"Motocultura","date":"21 de mar\u00e7o de 2020","format":false,"excerpt":"Voc\u00ea que \u00e9 customizador, ilustrador, pintor ou mesmo entusiasta, que tal manter a mente e as m\u00e3os trabalhando e divulgar seu trabalho para o seu p\u00fablico? Ent\u00e3o a hora \u00e9 agora. Motocultura quer promover uma disputa saud\u00e1vel para justamente mostrar seu trabalho e fortalecer os profissionais que fazem disso seu\u2026","rel":"","context":"Post similar","block_context":{"text":"Post similar","link":""},"img":{"alt_text":"","src":"https:\/\/i0.wp.com\/www.motocultura.com.br\/home\/wp-content\/uploads\/2020\/03\/allan.jpg?resize=350%2C200&ssl=1","width":350,"height":200},"classes":[]},{"id":306,"url":"https:\/\/www.motocultura.com.br\/home\/equipe\/","url_meta":{"origin":3054,"position":3},"title":"QUEM FAZ O MOTOCULTURA","author":"Motocultura","date":"7 de janeiro de 2017","format":false,"excerpt":"This is just a short excerpt for the about\u00a0page.","rel":"","context":"Post similar","block_context":{"text":"Post similar","link":""},"img":{"alt_text":"","src":"https:\/\/i0.wp.com\/www.motocultura.com.br\/home\/wp-content\/uploads\/2020\/02\/duc-motocultura.jpg?resize=350%2C200&ssl=1","width":350,"height":200},"classes":[]},{"id":4017,"url":"https:\/\/www.motocultura.com.br\/home\/concurso-de-customizacao-de-motocicletas-motocultura\/","url_meta":{"origin":3054,"position":4},"title":"Concurso de Customiza\u00e7\u00e3o de Motocicletas Motocultura","author":"Motocultura","date":"26 de julho de 2021","format":false,"excerpt":"Est\u00e1 na hora da s\u00e9tima edi\u00e7\u00e3o do concurso de motocicletas customizadas Motocultura! As inscri\u00e7\u00f5es para a edi\u00e7\u00e3o 2023 est\u00e3o abertas! Neste ano, o concurso acontecer\u00e1 de forma totalmente virtual com a presen\u00e7a de convidados especiais e transmitido ao vivo pelo canal do Youtube de Motocultura. Desde 2021 j\u00e1 recebemos inscri\u00e7\u00f5es\u2026","rel":"","context":"Post similar","block_context":{"text":"Post similar","link":""},"img":{"alt_text":"","src":"https:\/\/i0.wp.com\/www.motocultura.com.br\/home\/wp-content\/uploads\/2023\/07\/abre-concurso-motocultura-2023.jpg?resize=350%2C200&ssl=1","width":350,"height":200,"srcset":"https:\/\/i0.wp.com\/www.motocultura.com.br\/home\/wp-content\/uploads\/2023\/07\/abre-concurso-motocultura-2023.jpg?resize=350%2C200&ssl=1 1x, https:\/\/i0.wp.com\/www.motocultura.com.br\/home\/wp-content\/uploads\/2023\/07\/abre-concurso-motocultura-2023.jpg?resize=700%2C400&ssl=1 2x, https:\/\/i0.wp.com\/www.motocultura.com.br\/home\/wp-content\/uploads\/2023\/07\/abre-concurso-motocultura-2023.jpg?resize=1050%2C600&ssl=1 3x"},"classes":[]},{"id":305,"url":"https:\/\/www.motocultura.com.br\/home\/home\/","url_meta":{"origin":3054,"position":5},"title":"BEM-VINDO AO MOTOCULTURA","author":"Motocultura","date":"7 de janeiro de 2017","format":false,"excerpt":"This is the home page's excerpt","rel":"","context":"Post similar","block_context":{"text":"Post similar","link":""},"img":{"alt_text":"","src":"","width":0,"height":0},"classes":[]}],"jetpack_sharing_enabled":true,"_links":{"self":[{"href":"https:\/\/www.motocultura.com.br\/home\/wp-json\/wp\/v2\/pages\/3054"}],"collection":[{"href":"https:\/\/www.motocultura.com.br\/home\/wp-json\/wp\/v2\/pages"}],"about":[{"href":"https:\/\/www.motocultura.com.br\/home\/wp-json\/wp\/v2\/types\/page"}],"author":[{"embeddable":true,"href":"https:\/\/www.motocultura.com.br\/home\/wp-json\/wp\/v2\/users\/1"}],"replies":[{"embeddable":true,"href":"https:\/\/www.motocultura.com.br\/home\/wp-json\/wp\/v2\/comments?post=3054"}],"version-history":[{"count":0,"href":"https:\/\/www.motocultura.com.br\/home\/wp-json\/wp\/v2\/pages\/3054\/revisions"}],"wp:attachment":[{"href":"https:\/\/www.motocultura.com.br\/home\/wp-json\/wp\/v2\/media?parent=3054"}],"curies":[{"name":"wp","href":"https:\/\/api.w.org\/{rel}","templated":true}]}}