{"id":306,"date":"2017-01-07T03:53:54","date_gmt":"2017-01-07T03:53:54","guid":{"rendered":"https:\/\/motoculturasite.wordpress.com\/?page_id=3"},"modified":"2020-02-19T21:35:55","modified_gmt":"2020-02-20T00:35:55","slug":"equipe","status":"publish","type":"page","link":"https:\/\/www.motocultura.com.br\/home\/equipe\/","title":{"rendered":"QUEM FAZ O MOTOCULTURA"},"content":{"rendered":"<p><img decoding=\"async\" loading=\"lazy\" class=\"size-full wp-image-2963 aligncenter\" src=\"https:\/\/www.motocultura.com.br\/home\/wp-content\/uploads\/2020\/02\/duc-motocultura.jpg\" alt=\"\" width=\"300\" height=\"300\" srcset=\"https:\/\/www.motocultura.com.br\/home\/wp-content\/uploads\/2020\/02\/duc-motocultura.jpg 300w, https:\/\/www.motocultura.com.br\/home\/wp-content\/uploads\/2020\/02\/duc-motocultura-150x150.jpg 150w\" sizes=\"(max-width: 300px) 100vw, 300px\" \/><\/p>\n<h3>Duc Desmo<\/h3>\n<p><em>Fundador do Motocultura<\/em><br \/>\n\u00c9 motociclista h\u00e1 mais de 30 anos al\u00e9m de arquiteto, designer e professor. \u00c9 propriet\u00e1rio do escrit\u00f3rio vmarquitetura e criador da marca Duc Design, onde assina a cria\u00e7\u00e3o e produ\u00e7\u00e3o de pe\u00e7as de mobili\u00e1rio, elementos arquitet\u00f4nicos, bicicletas e motos.\u00a0Entre um projeto e outro, leva suas plantas e desenhos de\u00a0um lado para outro em cima de uma Ducati, claro. Tamb\u00e9m tem uma dentro do seu escrit\u00f3rio em um lugar de destaque e onde ningu\u00e9m pode colocar a m\u00e3o. Victor Marinho (que n\u00e3o gosta nem um pouco de\u00a0ser chamado\u00a0pelo nome) \u00e9 f\u00e3 assumido das Ducati. Tanto o \u00e9 que \u00a0adotou (e tatuou) o apelido de Duc Desmo, uma refer\u00eancia a marca Ducati e ao seu caracter\u00edstico motor desmodr\u00f4mico. Ao contr\u00e1rio da embreagem seca e do barulho caracter\u00edstico tanto dela quando do motor desmodr\u00f4mico, \u00e9 um cara tranquilo, de bem com a vida e pouco barulhento.<\/p>\n<p><img decoding=\"async\" loading=\"lazy\" class=\"aligncenter size-full wp-image-2964\" src=\"https:\/\/www.motocultura.com.br\/home\/wp-content\/uploads\/2020\/02\/guilhes-motocultura.jpg\" alt=\"\" width=\"300\" height=\"300\" srcset=\"https:\/\/www.motocultura.com.br\/home\/wp-content\/uploads\/2020\/02\/guilhes-motocultura.jpg 300w, https:\/\/www.motocultura.com.br\/home\/wp-content\/uploads\/2020\/02\/guilhes-motocultura-150x150.jpg 150w\" sizes=\"(max-width: 300px) 100vw, 300px\" \/><\/p>\n<h3>Guilhes Damian<\/h3>\n<p><em>Editor de conte\u00fado e redator<\/em><br \/>\nNerd assumido, designer gr\u00e1fico, game designer e entusiasta de ci\u00eancia e tecnologia. Customizou uma moto cafe racer futurista cujo tema n\u00e3o poderia deixar de ser ci\u00eancia e astronomia. Provavelmente, a pr\u00f3xima, se houver, ser\u00e1 algo relacionado ao personagem Spock da s\u00e9rie Star Trek. \u00c9\u00a0doente por motos cl\u00e1ssicas e antigas e acha que moto de verdade tem de ter partida a pedal. Mas ao mesmo tempo acha sensacional todo tipo de inova\u00e7\u00e3o \u00c9 viciado em motores 2 tempos e prefere uma moto serra com rodas no lugar de uma moto 4 tempos. Trabalhou por mais de 15 anos com jornalismo e tecnologia, fundou um est\u00fadio independente de games e, se houvesse a oportunidade de uma viagem s\u00f3 de ida para colonizar Marte, deixaria suas motocicletas com o sobrinho e sumiria do mapa.<\/p>\n<p><img decoding=\"async\" loading=\"lazy\" class=\"aligncenter size-full wp-image-2965\" src=\"https:\/\/www.motocultura.com.br\/home\/wp-content\/uploads\/2020\/02\/alek-motocultura.jpg\" alt=\"\" width=\"300\" height=\"300\" srcset=\"https:\/\/www.motocultura.com.br\/home\/wp-content\/uploads\/2020\/02\/alek-motocultura.jpg 300w, https:\/\/www.motocultura.com.br\/home\/wp-content\/uploads\/2020\/02\/alek-motocultura-150x150.jpg 150w\" sizes=\"(max-width: 300px) 100vw, 300px\" \/><\/p>\n<h3>Alek Ribet<\/h3>\n<p><em>Fot\u00f3grafo e cinegrafista<\/em><br \/>\nProfissional multim\u00eddia freelancer. Trabalha para ag\u00eancias de publicidade, produtoras de v\u00eddeo e foto e cinema. Se formou na ESPM em Belas Artes e se especializou em cinema e fotografia. Ama motocicletas mais do que tudo. Se pudesse, ia at\u00e9 ao banheiro de moto. Pra v\u00ea-lo feliz \u00e9 s\u00f3 falar que o caminho, pra ir de moto, claro, \u00e9 longo. Adora contar causos e piadas e est\u00e1 sempre tentando colocar todo mundo pra cima. \u00c9 o t\u00edpico sujeito que n\u00e3o v\u00ea tempo ruim pra nada. Precisa de algu\u00e9m que tope qualquer parada sorrindo? Fale com ele. S\u00f3 n\u00e3o pode encostar na sua Suzuki Intruder de jeito nenhum.<\/p>\n","protected":false},"excerpt":{"rendered":"<p>This is just a short excerpt for the about&nbsp;page.<\/p>\n","protected":false},"author":1,"featured_media":0,"parent":0,"menu_order":1,"comment_status":"closed","ping_status":"closed","template":"","meta":[],"jetpack-related-posts":[{"id":145,"url":"https:\/\/www.motocultura.com.br\/home\/video-series\/","url_meta":{"origin":306,"position":0},"title":"V\u00cdDEO S\u00c9RIES","author":"Motocultura","date":"21 de fevereiro de 2017","format":false,"excerpt":"Acompanhe nossas s\u00e9ries regulares em nosso canal do Youtube. S\u00e9rie: Customiza\u00e7\u00e3o Ducati S4RS Cafe Racer Na primeira web s\u00e9rie de Motocultura, \u00a0Duc Desmo apresenta a constru\u00e7\u00e3o de uma moto estilo Caf\u00e9-Racer a partir de uma Ducati Monster S4RS. Todo o processo, desde a compra at\u00e9 a produ\u00e7\u00e3o das pe\u00e7as exclusivas\u2026","rel":"","context":"Post similar","block_context":{"text":"Post similar","link":""},"img":{"alt_text":"ducati-cafe-racer","src":"https:\/\/motoculturasite.files.wordpress.com\/2017\/02\/ducati-cafe-racer.png?w=350&h=200&crop=1","width":350,"height":200,"srcset":"https:\/\/motoculturasite.files.wordpress.com\/2017\/02\/ducati-cafe-racer.png?w=350&h=200&crop=1 1x, https:\/\/motoculturasite.files.wordpress.com\/2017\/02\/ducati-cafe-racer.png?w=700&h=400&crop=1 2x"},"classes":[]},{"id":2621,"url":"https:\/\/www.motocultura.com.br\/home\/concurso-de-grafismo-ducati-scrambler-e-xdiavel-dos-sonhos\/","url_meta":{"origin":306,"position":1},"title":"Concurso de Grafismo Ducati: Scrambler e XDiavel dos Sonhos","author":"Motocultura","date":"4 de agosto de 2019","format":false,"excerpt":"J\u00e1 pensou em criar um grafismo exclusivo para uma moto Ducati? Pois a sua cria\u00e7\u00e3o pode ir parar em uma moto Ducati novinha exclusiva assinada por voc\u00ea! Motocultura, Ducati Campinas e Ducati Mooca convidam voc\u00ea a criar um grafismo super legal para a Ducati Scrambler e para a Ducati XDiavel\u2026","rel":"","context":"Post similar","block_context":{"text":"Post similar","link":""},"img":{"alt_text":"","src":"https:\/\/i0.wp.com\/www.motocultura.com.br\/home\/wp-content\/uploads\/2019\/08\/desenho-scrambler.jpg?resize=350%2C200&ssl=1","width":350,"height":200,"srcset":"https:\/\/i0.wp.com\/www.motocultura.com.br\/home\/wp-content\/uploads\/2019\/08\/desenho-scrambler.jpg?resize=350%2C200&ssl=1 1x, https:\/\/i0.wp.com\/www.motocultura.com.br\/home\/wp-content\/uploads\/2019\/08\/desenho-scrambler.jpg?resize=700%2C400&ssl=1 2x"},"classes":[]},{"id":1362,"url":"https:\/\/www.motocultura.com.br\/home\/concurso-ducati-grafismo\/","url_meta":{"origin":306,"position":2},"title":"DUCATI SCRAMBLER DOS SONHOS","author":"Motocultura","date":"9 de julho de 2017","format":false,"excerpt":"J\u00e1 pensou em desenhar um grafismo exclusivo para uma Ducati Scrambler? Pois agora voc\u00ea pode e seu desenho pode ir parar em uma Ducati Scrambler novinha! Motocultura e Ducati Campinas convidam voc\u00ea a criar um grafismo super legal para a Scrambler e enviar pra gente! Os melhores desenhos, julgados por\u2026","rel":"","context":"Post similar","block_context":{"text":"Post similar","link":""},"img":{"alt_text":"","src":"https:\/\/i0.wp.com\/www.motocultura.com.br\/home\/wp-content\/uploads\/2017\/07\/pagina.png?resize=350%2C200&ssl=1","width":350,"height":200,"srcset":"https:\/\/i0.wp.com\/www.motocultura.com.br\/home\/wp-content\/uploads\/2017\/07\/pagina.png?resize=350%2C200&ssl=1 1x, https:\/\/i0.wp.com\/www.motocultura.com.br\/home\/wp-content\/uploads\/2017\/07\/pagina.png?resize=700%2C400&ssl=1 2x"},"classes":[]},{"id":3798,"url":"https:\/\/www.motocultura.com.br\/home\/envie-seu-projeto\/","url_meta":{"origin":306,"position":3},"title":"ENVIE SEU PROJETO","author":"Motocultura","date":"14 de agosto de 2020","format":false,"excerpt":"Ducati Monster pela SR Corse Motocultura estabeleceu-se ao longo do tempo como uma refer\u00eancia no cen\u00e1rio de customiza\u00e7\u00e3o brasileiro. Nosso Instagram \u00e9 uma fonte de inspira\u00e7\u00e3o para construtores de v\u00e1rios pa\u00edses assim como \u00e9 uma vitrine que divulga projetos para o mundo todo, inclusive para contas e canais estrangeiros especializados\u2026","rel":"","context":"Post similar","block_context":{"text":"Post similar","link":""},"img":{"alt_text":"","src":"https:\/\/i0.wp.com\/www.motocultura.com.br\/home\/wp-content\/uploads\/2020\/08\/envie.jpg?resize=350%2C200&ssl=1","width":350,"height":200,"srcset":"https:\/\/i0.wp.com\/www.motocultura.com.br\/home\/wp-content\/uploads\/2020\/08\/envie.jpg?resize=350%2C200&ssl=1 1x, https:\/\/i0.wp.com\/www.motocultura.com.br\/home\/wp-content\/uploads\/2020\/08\/envie.jpg?resize=700%2C400&ssl=1 2x"},"classes":[]},{"id":4017,"url":"https:\/\/www.motocultura.com.br\/home\/concurso-de-customizacao-de-motocicletas-motocultura\/","url_meta":{"origin":306,"position":4},"title":"Concurso de Customiza\u00e7\u00e3o de Motocicletas Motocultura","author":"Motocultura","date":"26 de julho de 2021","format":false,"excerpt":"Est\u00e1 na hora da s\u00e9tima edi\u00e7\u00e3o do concurso de motocicletas customizadas Motocultura! As inscri\u00e7\u00f5es para a edi\u00e7\u00e3o 2023 est\u00e3o abertas! Neste ano, o concurso acontecer\u00e1 de forma totalmente virtual com a presen\u00e7a de convidados especiais e transmitido ao vivo pelo canal do Youtube de Motocultura. Desde 2021 j\u00e1 recebemos inscri\u00e7\u00f5es\u2026","rel":"","context":"Post similar","block_context":{"text":"Post similar","link":""},"img":{"alt_text":"","src":"https:\/\/i0.wp.com\/www.motocultura.com.br\/home\/wp-content\/uploads\/2023\/07\/abre-concurso-motocultura-2023.jpg?resize=350%2C200&ssl=1","width":350,"height":200,"srcset":"https:\/\/i0.wp.com\/www.motocultura.com.br\/home\/wp-content\/uploads\/2023\/07\/abre-concurso-motocultura-2023.jpg?resize=350%2C200&ssl=1 1x, https:\/\/i0.wp.com\/www.motocultura.com.br\/home\/wp-content\/uploads\/2023\/07\/abre-concurso-motocultura-2023.jpg?resize=700%2C400&ssl=1 2x, https:\/\/i0.wp.com\/www.motocultura.com.br\/home\/wp-content\/uploads\/2023\/07\/abre-concurso-motocultura-2023.jpg?resize=1050%2C600&ssl=1 3x"},"classes":[]},{"id":3640,"url":"https:\/\/www.motocultura.com.br\/home\/concurso-de-customizacao-nacional-2020\/","url_meta":{"origin":306,"position":5},"title":"Concurso nacional de customiza\u00e7\u00e3o Motocultura\u2026","author":"Motocultura","date":"22 de julho de 2020","format":false,"excerpt":"Concurso nacional de customiza\u00e7\u00e3o Motocultura Motocultura tem como um de seus pilares, desde o in\u00edcio, promover e divulgar o trabalho de profissionais da customiza\u00e7\u00e3o no pa\u00eds. Mas, al\u00e9m disso, a ideia \u00e9 dar espa\u00e7o e visibilidade principalmente para as novas gera\u00e7\u00f5es e novos talentos do meio. Uma das iniciativas neste\u2026","rel":"","context":"Post similar","block_context":{"text":"Post similar","link":""},"img":{"alt_text":"","src":"https:\/\/i0.wp.com\/www.motocultura.com.br\/home\/wp-content\/uploads\/2020\/07\/topo-pagina-concurso-1.jpg?resize=350%2C200&ssl=1","width":350,"height":200,"srcset":"https:\/\/i0.wp.com\/www.motocultura.com.br\/home\/wp-content\/uploads\/2020\/07\/topo-pagina-concurso-1.jpg?resize=350%2C200&ssl=1 1x, https:\/\/i0.wp.com\/www.motocultura.com.br\/home\/wp-content\/uploads\/2020\/07\/topo-pagina-concurso-1.jpg?resize=700%2C400&ssl=1 2x"},"classes":[]}],"jetpack_sharing_enabled":false,"_links":{"self":[{"href":"https:\/\/www.motocultura.com.br\/home\/wp-json\/wp\/v2\/pages\/306"}],"collection":[{"href":"https:\/\/www.motocultura.com.br\/home\/wp-json\/wp\/v2\/pages"}],"about":[{"href":"https:\/\/www.motocultura.com.br\/home\/wp-json\/wp\/v2\/types\/page"}],"author":[{"embeddable":true,"href":"https:\/\/www.motocultura.com.br\/home\/wp-json\/wp\/v2\/users\/1"}],"replies":[{"embeddable":true,"href":"https:\/\/www.motocultura.com.br\/home\/wp-json\/wp\/v2\/comments?post=306"}],"version-history":[{"count":0,"href":"https:\/\/www.motocultura.com.br\/home\/wp-json\/wp\/v2\/pages\/306\/revisions"}],"wp:attachment":[{"href":"https:\/\/www.motocultura.com.br\/home\/wp-json\/wp\/v2\/media?parent=306"}],"curies":[{"name":"wp","href":"https:\/\/api.w.org\/{rel}","templated":true}]}}