{"id":3798,"date":"2020-08-14T23:31:41","date_gmt":"2020-08-15T02:31:41","guid":{"rendered":"https:\/\/www.motocultura.com.br\/home\/?page_id=3798"},"modified":"2020-08-29T16:05:22","modified_gmt":"2020-08-29T19:05:22","slug":"envie-seu-projeto","status":"publish","type":"page","link":"https:\/\/www.motocultura.com.br\/home\/envie-seu-projeto\/","title":{"rendered":"ENVIE SEU PROJETO"},"content":{"rendered":"\n<div class=\"wp-block-image is-style-default\"><figure class=\"aligncenter size-large\"><img decoding=\"async\" loading=\"lazy\" width=\"800\" height=\"533\" src=\"https:\/\/www.motocultura.com.br\/home\/wp-content\/uploads\/2020\/08\/envie.jpg\" alt=\"\" class=\"wp-image-3806\" srcset=\"https:\/\/www.motocultura.com.br\/home\/wp-content\/uploads\/2020\/08\/envie.jpg 800w, https:\/\/www.motocultura.com.br\/home\/wp-content\/uploads\/2020\/08\/envie-300x200.jpg 300w, https:\/\/www.motocultura.com.br\/home\/wp-content\/uploads\/2020\/08\/envie-768x512.jpg 768w\" sizes=\"(max-width: 800px) 100vw, 800px\" \/><figcaption>Ducati Monster pela <a href=\"https:\/\/www.instagram.com\/s_r_corse\/\" target=\"_blank\" rel=\"noreferrer noopener\" aria-label=\"SR Corse (abre numa nova aba)\">SR Corse<\/a><\/figcaption><\/figure><\/div>\n\n\n\n<p><strong>Motocultura<\/strong>  estabeleceu-se ao longo do tempo como uma refer\u00eancia no cen\u00e1rio de customiza\u00e7\u00e3o brasileiro. Nosso <strong><a rel=\"noreferrer noopener\" aria-label=\" (abre numa nova aba)\" href=\"https:\/\/www.instagram.com\/motocultura_br\/\" target=\"_blank\">Instagram<\/a><\/strong> \u00e9 uma <strong>fonte de inspira\u00e7\u00e3o para construtores de v\u00e1rios pa\u00edses<\/strong> assim como \u00e9 <strong>uma vitrine que divulga projetos para o mundo todo<\/strong>, inclusive para contas e canais estrangeiros especializados no tema. Nossa <strong>proje\u00e7\u00e3o e alcance \u00e9 internacional<\/strong> e falamos exatamente com o p\u00fablico certo: entusiastas, construtores, jornalistas e ve\u00edculos especializados no nicho de customiza\u00e7\u00e3o. Portanto, divulgar seu projeto conosco \u00e9 uma maneira de ver seu trabalho chegar nas pessoas certas e, quem sabe, ir al\u00e9m. Divulgar trabalho de qualidade de construtores brasileiros para o mundo todo \u00e9 um de nossos principais pilares. Portanto, queremos conhecer seu trabalho e impulsion\u00e1-lo para voos mais altos.<\/p>\n\n\n\n<h4 class=\"wp-block-heading\">Tipos de customiza\u00e7\u00e3o<\/h4>\n\n\n\n<p>Nosso foco s\u00e3o cafe racers, bobbers, scramblers, brats, flat trackers, releituras e assim por diante. N\u00e3o quer dizer que n\u00e3o estamos abertos a choppers, customs e eventuais outros estilos. Em cada caso, analisaremos a qualidade e originalidade do material para decidir divulga-lo.<\/p>\n\n\n\n<h4 class=\"wp-block-heading\">Material necess\u00e1rio<\/h4>\n\n\n\n<p><strong>FOTOS<\/strong><br>Providencie fotos que mostrem muito bem os detalhes da sua moto e tamb\u00e9m ela como um todo. Evite fundos polu\u00eddos e com muitos elementos. Tente fotografar sua moto em um cen\u00e1rio neutro e limpo e com uma boa c\u00e2mera. As fotos devem estar no m\u00ednimo em qualidade Full HD (1920&#215;1080). Quanto maior, melhor.<br>Com as fotos feitas, compacte-as em um \u00fanico arquivo e fa\u00e7a o upload desse arquivo em algum reposit\u00f3rio de nuvem como <em>Dropbox<\/em> ou <em>Google Drive<\/em>. Evite reposit\u00f3rios que expiram o per\u00edodo de disponibilidade para download.<\/p>\n\n\n\n<p><strong>TEXTO<\/strong><br><strong>Escreva. <\/strong>Dedique um tempo a contar sobre o projeto. A hist\u00f3ria dele. As principais modifica\u00e7\u00f5es, as dificuldades, os desafios. <\/p>\n\n\n\n<h4 class=\"wp-block-heading\">Enviando seu projeto<\/h4>\n\n\n\n<p>Com o link do arquivo das fotos para download e seu texto em m\u00e3os, envie um <a href=\"mailto:motoculturaduc@gmail.com\">e-mail<\/a> para gente (<strong>Por favor, n\u00e3o envie fotos anexadas no e-mail<\/strong>)<\/p>\n\n\n\n<p>N\u00f3s prometemos ler tudo mas<strong> n\u00e3o respondemos ou confirmamos recebimento<\/strong>. Se voc\u00ea fez tudo certinho, n\u00f3s receberemos. Se sua moto for validada para publica\u00e7\u00e3o, voc\u00ea ser\u00e1 avisado.<\/p>\n\n\n\n<p>Por favor, <strong>n\u00e3o envie mensagens por nossas redes <\/strong>perguntando se recebemos seu e-mail. Tamb\u00e9m n\u00e3o envie seu material por elas. <\/p>\n\n\n\n<p>Portanto, que tal fazer uma sess\u00e3o de fotos bacana, contar a hist\u00f3ria do seu projeto e mostrar ele para o mundo? <strong>Estamos aqui para ajuda-lo com isso.<\/strong><\/p>\n","protected":false},"excerpt":{"rendered":"<p>Motocultura estabeleceu-se ao longo do tempo como uma refer\u00eancia no cen\u00e1rio de customiza\u00e7\u00e3o brasileiro. Nosso Instagram \u00e9 uma fonte de inspira\u00e7\u00e3o para construtores de v\u00e1rios pa\u00edses assim como \u00e9 uma vitrine que divulga projetos para o mundo todo, inclusive para contas e canais estrangeiros especializados no tema. Nossa proje\u00e7\u00e3o e alcance \u00e9 internacional e falamos [&hellip;]<\/p>\n","protected":false},"author":1,"featured_media":0,"parent":0,"menu_order":0,"comment_status":"closed","ping_status":"closed","template":"","meta":[],"jetpack-related-posts":[{"id":4017,"url":"https:\/\/www.motocultura.com.br\/home\/concurso-de-customizacao-de-motocicletas-motocultura\/","url_meta":{"origin":3798,"position":0},"title":"Concurso de Customiza\u00e7\u00e3o de Motocicletas Motocultura","author":"Motocultura","date":"26 de julho de 2021","format":false,"excerpt":"Est\u00e1 na hora da s\u00e9tima edi\u00e7\u00e3o do concurso de motocicletas customizadas Motocultura! As inscri\u00e7\u00f5es para a edi\u00e7\u00e3o 2023 est\u00e3o abertas! Neste ano, o concurso acontecer\u00e1 de forma totalmente virtual com a presen\u00e7a de convidados especiais e transmitido ao vivo pelo canal do Youtube de Motocultura. Desde 2021 j\u00e1 recebemos inscri\u00e7\u00f5es\u2026","rel":"","context":"Post similar","block_context":{"text":"Post similar","link":""},"img":{"alt_text":"","src":"https:\/\/i0.wp.com\/www.motocultura.com.br\/home\/wp-content\/uploads\/2023\/07\/abre-concurso-motocultura-2023.jpg?resize=350%2C200&ssl=1","width":350,"height":200,"srcset":"https:\/\/i0.wp.com\/www.motocultura.com.br\/home\/wp-content\/uploads\/2023\/07\/abre-concurso-motocultura-2023.jpg?resize=350%2C200&ssl=1 1x, https:\/\/i0.wp.com\/www.motocultura.com.br\/home\/wp-content\/uploads\/2023\/07\/abre-concurso-motocultura-2023.jpg?resize=700%2C400&ssl=1 2x, https:\/\/i0.wp.com\/www.motocultura.com.br\/home\/wp-content\/uploads\/2023\/07\/abre-concurso-motocultura-2023.jpg?resize=1050%2C600&ssl=1 3x"},"classes":[]},{"id":3640,"url":"https:\/\/www.motocultura.com.br\/home\/concurso-de-customizacao-nacional-2020\/","url_meta":{"origin":3798,"position":1},"title":"Concurso nacional de customiza\u00e7\u00e3o Motocultura\u2026","author":"Motocultura","date":"22 de julho de 2020","format":false,"excerpt":"Concurso nacional de customiza\u00e7\u00e3o Motocultura Motocultura tem como um de seus pilares, desde o in\u00edcio, promover e divulgar o trabalho de profissionais da customiza\u00e7\u00e3o no pa\u00eds. Mas, al\u00e9m disso, a ideia \u00e9 dar espa\u00e7o e visibilidade principalmente para as novas gera\u00e7\u00f5es e novos talentos do meio. Uma das iniciativas neste\u2026","rel":"","context":"Post similar","block_context":{"text":"Post similar","link":""},"img":{"alt_text":"","src":"https:\/\/i0.wp.com\/www.motocultura.com.br\/home\/wp-content\/uploads\/2020\/07\/topo-pagina-concurso-1.jpg?resize=350%2C200&ssl=1","width":350,"height":200,"srcset":"https:\/\/i0.wp.com\/www.motocultura.com.br\/home\/wp-content\/uploads\/2020\/07\/topo-pagina-concurso-1.jpg?resize=350%2C200&ssl=1 1x, https:\/\/i0.wp.com\/www.motocultura.com.br\/home\/wp-content\/uploads\/2020\/07\/topo-pagina-concurso-1.jpg?resize=700%2C400&ssl=1 2x"},"classes":[]},{"id":3137,"url":"https:\/\/www.motocultura.com.br\/home\/concurso-arte-pra-cabeca\/","url_meta":{"origin":3798,"position":2},"title":"Concurso Arte Pra Cabe\u00e7a","author":"Motocultura","date":"21 de mar\u00e7o de 2020","format":false,"excerpt":"Voc\u00ea que \u00e9 customizador, ilustrador, pintor ou mesmo entusiasta, que tal manter a mente e as m\u00e3os trabalhando e divulgar seu trabalho para o seu p\u00fablico? Ent\u00e3o a hora \u00e9 agora. Motocultura quer promover uma disputa saud\u00e1vel para justamente mostrar seu trabalho e fortalecer os profissionais que fazem disso seu\u2026","rel":"","context":"Post similar","block_context":{"text":"Post similar","link":""},"img":{"alt_text":"","src":"https:\/\/i0.wp.com\/www.motocultura.com.br\/home\/wp-content\/uploads\/2020\/03\/allan.jpg?resize=350%2C200&ssl=1","width":350,"height":200},"classes":[]},{"id":306,"url":"https:\/\/www.motocultura.com.br\/home\/equipe\/","url_meta":{"origin":3798,"position":3},"title":"QUEM FAZ O MOTOCULTURA","author":"Motocultura","date":"7 de janeiro de 2017","format":false,"excerpt":"This is just a short excerpt for the about\u00a0page.","rel":"","context":"Post similar","block_context":{"text":"Post similar","link":""},"img":{"alt_text":"","src":"https:\/\/i0.wp.com\/www.motocultura.com.br\/home\/wp-content\/uploads\/2020\/02\/duc-motocultura.jpg?resize=350%2C200&ssl=1","width":350,"height":200},"classes":[]}],"jetpack_sharing_enabled":true,"_links":{"self":[{"href":"https:\/\/www.motocultura.com.br\/home\/wp-json\/wp\/v2\/pages\/3798"}],"collection":[{"href":"https:\/\/www.motocultura.com.br\/home\/wp-json\/wp\/v2\/pages"}],"about":[{"href":"https:\/\/www.motocultura.com.br\/home\/wp-json\/wp\/v2\/types\/page"}],"author":[{"embeddable":true,"href":"https:\/\/www.motocultura.com.br\/home\/wp-json\/wp\/v2\/users\/1"}],"replies":[{"embeddable":true,"href":"https:\/\/www.motocultura.com.br\/home\/wp-json\/wp\/v2\/comments?post=3798"}],"version-history":[{"count":0,"href":"https:\/\/www.motocultura.com.br\/home\/wp-json\/wp\/v2\/pages\/3798\/revisions"}],"wp:attachment":[{"href":"https:\/\/www.motocultura.com.br\/home\/wp-json\/wp\/v2\/media?parent=3798"}],"curies":[{"name":"wp","href":"https:\/\/api.w.org\/{rel}","templated":true}]}}