{"id":4017,"date":"2021-07-26T00:29:27","date_gmt":"2021-07-26T03:29:27","guid":{"rendered":"https:\/\/www.motocultura.com.br\/home\/?page_id=4017"},"modified":"2023-11-25T12:51:31","modified_gmt":"2023-11-25T15:51:31","slug":"concurso-de-customizacao-de-motocicletas-motocultura","status":"publish","type":"page","link":"https:\/\/www.motocultura.com.br\/home\/concurso-de-customizacao-de-motocicletas-motocultura\/","title":{"rendered":"Concurso de Customiza\u00e7\u00e3o de Motocicletas Motocultura"},"content":{"rendered":"\r\n<figure class=\"wp-block-image size-large is-resized is-style-default\"><\/figure>\r\n\r\n\r\n\r\n\r\n\r\n<h2 class=\"wp-block-heading\"><img decoding=\"async\" loading=\"lazy\" class=\"aligncenter wp-image-4565 size-full\" src=\"https:\/\/www.motocultura.com.br\/home\/wp-content\/uploads\/2023\/07\/abre-concurso-motocultura-2023.jpg\" alt=\"\" width=\"1080\" height=\"844\" srcset=\"https:\/\/www.motocultura.com.br\/home\/wp-content\/uploads\/2023\/07\/abre-concurso-motocultura-2023.jpg 1080w, https:\/\/www.motocultura.com.br\/home\/wp-content\/uploads\/2023\/07\/abre-concurso-motocultura-2023-300x234.jpg 300w, https:\/\/www.motocultura.com.br\/home\/wp-content\/uploads\/2023\/07\/abre-concurso-motocultura-2023-1024x800.jpg 1024w, https:\/\/www.motocultura.com.br\/home\/wp-content\/uploads\/2023\/07\/abre-concurso-motocultura-2023-768x600.jpg 768w\" sizes=\"(max-width: 1080px) 100vw, 1080px\" \/><\/h2>\r\n<p>Est\u00e1 na hora da <strong>s\u00e9tima edi\u00e7\u00e3o<\/strong> do<strong> concurso de motocicletas customizadas Motocultura<\/strong>! As <strong>inscri\u00e7\u00f5es<\/strong> para a edi\u00e7\u00e3o <strong>2023<\/strong> est\u00e3o <strong>abertas<\/strong>! Neste ano, o concurso acontecer\u00e1 de forma totalmente <strong>virtual<\/strong> com a presen\u00e7a de<strong> convidados especiais<\/strong> e <strong>transmitido ao vivo<\/strong> pelo <strong>canal do Youtube de Motocultura<\/strong>. Desde 2021 j\u00e1 recebemos inscri\u00e7\u00f5es de mais de <strong>300 motos de 11 pa\u00edses diferentes<\/strong> e dessa vez voc\u00ea n\u00e3o pode ficar de fora. Apesar do alcance global, nosso objetivo continua sendo <strong>divulgar e dar visibilidade aos novos talentos<\/strong> da <strong>customiza\u00e7\u00e3o<\/strong> no pa\u00eds.<\/p>\r\n<p><em>It&#8217;s time for the <strong>seventh edition of the Motocultura customized motorcycle contest<\/strong>! <strong>Registration<\/strong> for the 2023 edition<strong> is open<\/strong>! This year, the contest will take place completely virtually with the presence of special guests and broadcast live on Motocultura&#8217;s Youtube channel. Since 2021 we have received entries from more than 300 bikes from 11 different countries and this time you can&#8217;t be left out. Despite the global reach, our goal remains to promote and give visibility to the new talents of customization in the country.<\/em><\/p>\r\n<hr \/>\r\n<h4>O evento e a revela\u00e7\u00e3o dos projetos vencedores<\/h4>\r\n<p><strong>QUANDO:<\/strong> <strong>5 de dezembro<\/strong>, ter\u00e7a-feira, 20 horas.<br \/><strong>COMO:<\/strong> ao vivo pelo <a href=\"https:\/\/www.youtube.com\/c\/Motocultura\" target=\"_blank\" rel=\"noopener\"><strong>canal do Youtube<\/strong><\/a> de <strong>Motocultura<\/strong>.<\/p>\r\n<h4><em>The event and the unveiling of the winning projects<\/em><\/h4>\r\n<p><em><strong>WHEN:<\/strong> <strong>December 5<\/strong>, Tuesday, 23 hours UTC Time<\/em><br \/><em><strong>HOW:<\/strong> live on <a href=\"https:\/\/www.youtube.com\/c\/Motocultura\" target=\"_blank\" rel=\"noopener\"><strong>Motocultura&#8217;s Youtube channel<\/strong><\/a>.<\/em><\/p>\r\n<hr \/>\r\n<h4>Como se inscrever<\/h4>\r\n<p>1 &#8211; Pelo <a href=\"https:\/\/www.instagram.com\/motocultura_br\/\" target=\"_blank\" rel=\"noopener\"><strong>Instagram de Motocultura<\/strong><\/a>: envie <strong>mensagem direta<\/strong> para nossa conta com<strong> no m\u00ednimo cinco fotos<\/strong> em boa qualidade e bom tamanho de seu projeto. \u00c9 desej\u00e1vel um <strong>texto contando um pouco<\/strong> sobre as caracter\u00edsticas, solu\u00e7\u00f5es e desafios do trabalho. Informe seu pa\u00eds, estado e cidade.<br \/>2 &#8211; Se <strong>preferir<\/strong>, voc\u00ea pode fazer sua inscri\u00e7\u00e3o enviando suas fotos e informa\u00e7\u00f5es <a href=\"mailto:motoculturaduc@gmail.com\" target=\"_blank\" rel=\"noopener\"><strong>em nosso e-mail<\/strong><\/a>.<\/p>\r\n<h4><em>How to apply<\/em><\/h4>\r\n<p><em>1 &#8211; <strong>Through <a href=\"https:\/\/www.instagram.com\/motocultura_br\/\" target=\"_blank\" rel=\"noopener\">Motocultura&#8217;s Instagram<\/a><\/strong>: send a <strong>direct message<\/strong> to our account with <strong>at least five photos<\/strong> in good quality and good size of your project. A<strong> text telling a little about<\/strong> the characteristics, solutions and challenges of the work is desirable. Inform your country, state and city.<\/em><br \/><em>2 &#8211; <strong>If you prefer<\/strong>, you can register by sending your photos and information to <a href=\"mailto:motoculturaduc@gmail.com\" target=\"_blank\" rel=\"noopener\"><strong>our e-mail<\/strong><\/a>.<\/em><\/p>\r\n<hr \/>\r\n<h4>Prazo de inscri\u00e7\u00e3o<\/h4>\r\n<p>As inscri\u00e7\u00f5es se <strong>encerram no dia 31 de outubro<\/strong>, segunda-feira. Projetos enviados <strong>depois dessa data n\u00e3o ser\u00e3o aceitos<\/strong>.<\/p>\r\n<h4><em>Registration deadline<\/em><\/h4>\r\n<p><em>Applications <strong>close on Monday, October 31<\/strong>. Projects submitted after this date will not be accepted.<\/em><\/p>\r\n<hr \/>\r\n<h4>Quem pode participar<\/h4>\r\n<p>1 &#8211; <strong>Qualquer um<\/strong> pode participar. As inscri\u00e7\u00f5es est\u00e3o abertas para <strong>profissionais<\/strong>, <strong>customizadores<\/strong> <strong>de garagem<\/strong>, <strong>amadores<\/strong>, <strong>entusiastas<\/strong> e <strong>propriet\u00e1rios<\/strong> de motocicletas customizadas.<br \/>2 &#8211; <strong>Qualquer estilo<\/strong> de customiza\u00e7\u00e3o ser\u00e1 aceito.<\/p>\r\n<h4><em>Who can participate<\/em><\/h4>\r\n<p><em>1 &#8211; <strong>Anyone can participate<\/strong>. Registration is open to professionals, garage customizers, amateurs, enthusiasts and owners of customized motorcycles.<\/em><br \/><em>2 &#8211; <strong>Any style of customization<\/strong> will be accepted.<\/em><\/p>\r\n<hr \/>\r\n<h4>Como os projetos ser\u00e3o escolhidos<\/h4>\r\n<p>1 &#8211; Ser\u00e1 feita uma<strong> pr\u00e9-sele\u00e7\u00e3o<\/strong> de todos os projetos inscritos.<br \/>2 &#8211; Um <strong>corpo de jurados formado por customizadores profissionais<\/strong> analisar\u00e1, atrav\u00e9s de notas e quesitos pr\u00e9-definidos, os projetos pr\u00e9-selecionados elencando <strong>primeiro<\/strong>, <strong>segundo<\/strong> e <strong>terceiro<\/strong> lugar em cada categoria de acordo com a soma das notas do grupo de avaliadores.<br \/>3 &#8211; As <strong>categorias<\/strong> ser\u00e3o definidas durante o processo de pr\u00e9-sele\u00e7\u00e3o.<br \/>4 &#8211; <strong>Categorias especiais<\/strong> poder\u00e3o ser criadas diante de projetos que n\u00e3o se enquadrem em nenhum estilo de customiza\u00e7\u00e3o ou que se destaquem de forma surpreendente por alguma caracter\u00edstica particular do projeto.<\/p>\r\n<h4><em>How the projects will be chosen<\/em><\/h4>\r\n<p><em>1 &#8211; A pre-selection of all registered projects will be made.<\/em><br \/><em>2 &#8211; A panel of judges formed by professional bike builders will analyze, through pre-defined scores and questions, the pre-selected projects, listing first, second and third place in each category according to the sum of the scores of the group of evaluators.<\/em><br \/><em>3 &#8211; The categories will be defined during the pre-selection process.<\/em><br \/><em>4 &#8211; Special categories may be created for projects that do not fit into any customization style or that stand out in a surprising way due to some particular characteristic of the project.<\/em><\/p>\r\n<hr \/>\r\n<h4>Premia\u00e7\u00e3o<\/h4>\r\n<p>Estamos trabalhando para que tenhamos um pr\u00eamio bem bacana para os primeiros colocados e em breve revelaremos!<\/p>\r\n<h4><em>Prizes<\/em><\/h4>\r\n<p><em>We&#8217;re working on having a really cool prize for the first places and we&#8217;ll reveal it soon!<\/em><\/p>\r\n<hr \/>\r\n<h4>Atra\u00e7\u00f5es<\/h4>\r\n<p>Durante o an\u00fancio dos projetos vencedores em cada categoria, <strong>Motocultura<\/strong> trar\u00e1 p<strong>rojetos de customiza\u00e7\u00e3o que ser\u00e3o exibidos e explicados no detalhe por seus criadores<\/strong> durante a transmiss\u00e3o da live.<\/p>\r\n<!--<h4>Premia\u00e7\u00e3o<\/h4>\r\n<p>Os <strong>tr\u00eas primeiros colocados de cada categoria<\/strong> e aqueles c<strong>ontemplados com um pr\u00eamio especial<\/strong> ter\u00e3o um<strong> workshop gratuito<\/strong> com um renomado profissional de customiza\u00e7\u00e3o do pa\u00eds na cidade de S\u00e3o Paulo*. Uma <strong>oportunidade incr\u00edvel de aprender e compartilhar ideias e solu\u00e7\u00f5es<\/strong>.<br \/>*<em>O workshop \u00e9 uma cortesia dos customizadores. Toda e qualquer despesa com eventual transporte e hospedagem \u00e9 por conta do ganhador.<\/em><\/p>-->\r\n<p>Os<strong> projetos vencedores ser\u00e3o divulgados nos canais digitais<\/strong> de <strong>Motocultura<\/strong> e ganhar\u00e3o a aten\u00e7\u00e3o do mundo por nossa relev\u00e2ncia e refer\u00eancia no cen\u00e1rio da customiza\u00e7\u00e3o como um todo.<\/p>\r\n<h4><em>Attractions<\/em><\/h4>\r\n<p><em>During the announcement of the winning projects in each category, Motocultura will bring <strong>customization projects that will be displayed and explained in detail by their creators<\/strong> during the live broadcast.<\/em><\/p>\r\n<p><em>The <strong>winning projects will be featured on Motocultura&#8217;s digital channels<\/strong> and will gain the attention of the world for our relevance and reference in the customization scene as a whole.<\/em><\/p>\r\n<hr class=\"wp-block-separator\" \/>\r\n<h4><strong>Inscreva seu projeto<\/strong> e boa sorte! E agradecemos antecipadamente pelo seu interesse e participa\u00e7\u00e3o!<\/h4>\r\n<h4><em>Submit your project and good luck! And thank you in advance for your interest and participation!<\/em><\/h4>\r\n<hr \/>\r\n<h4><strong>Edi\u00e7\u00f5es anteriores \/ Previous editions<br \/><\/strong><\/h4>\r\n<p>\r\n\r\n<\/p>\r\n<p>Confira as edi\u00e7\u00f5es anteriores do <strong>concurso de customiza\u00e7\u00e3o Motocultura \/ <\/strong>Check out the <strong>previous editions of the Motocultura customization contest<br \/><\/strong><\/p>\r\n<p><a href=\"https:\/\/www.motocultura.com.br\/home\/customizacao\/moto-customizada-do-ano-motocultura\/\">Concurso de customiza\u00e7\u00e3o Motocultura 2017<\/a><br \/><a href=\"https:\/\/www.motocultura.com.br\/home\/customizacao\/moto-customizada-do-ano-etapa-scrambler-e-brat\/\">Concurso de customiza\u00e7\u00e3o Motocultura Etapa 1 2018<\/a><br \/><a href=\"https:\/\/www.motocultura.com.br\/home\/customizacao\/moto-customizada-do-ano-etapa-cafe-racer\/\">Concurso de customiza\u00e7\u00e3o Motocultura Etapa 2 2018<\/a><br \/><a href=\"https:\/\/www.motocultura.com.br\/home\/customizacao\/moto-customizada-do-ano-motocultura-2019\/\">Concurso de customiza\u00e7\u00e3o Motocultura 2019<\/a><br \/><a href=\"https:\/\/www.motocultura.com.br\/home\/customizacao\/concurso-moto-customizada-do-ano-2020-brasil-custom-motorcycle-of-the-year-2020-brazil-contest\/\">Concurso de customiza\u00e7\u00e3o Motocultura 2020<\/a><br \/><a href=\"https:\/\/www.motocultura.com.br\/home\/customizacao\/concurso-moto-customizada-do-ano-motocultura-edicao-2021\/\">Concurso de customiza\u00e7\u00e3o Motocultura 2021<\/a><br \/><a href=\"https:\/\/www.motocultura.com.br\/home\/concurso-de-motos-customizadas-motocultura-2022\/\">Concurso de customiza\u00e7\u00e3o Motocultura 2022<\/a><br \/><\/p>\r\n<p><!-- \/wp:media-text -->\r\n\r\n<!-- wp:media-text {\"mediaId\":3689,\"mediaType\":\"image\",\"mediaWidth\":17} --><\/p>\r\n<p><!-- \/wp:media-text -->\r\n\r\n<!-- wp:media-text {\"mediaId\":3690,\"mediaType\":\"image\",\"mediaWidth\":17} --><\/p>\r\n<!-- \/wp:media-text -->\r\n\r\n<!-- wp:separator --><hr class=\"wp-block-separator\" \/><!-- \/wp:separator -->","protected":false},"excerpt":{"rendered":"<p>Est\u00e1 na hora da s\u00e9tima edi\u00e7\u00e3o do concurso de motocicletas customizadas Motocultura! As inscri\u00e7\u00f5es para a edi\u00e7\u00e3o 2023 est\u00e3o abertas! Neste ano, o concurso acontecer\u00e1 de forma totalmente virtual com a presen\u00e7a de convidados especiais e transmitido ao vivo pelo canal do Youtube de Motocultura. Desde 2021 j\u00e1 recebemos inscri\u00e7\u00f5es de mais de 300 motos [&hellip;]<\/p>\n","protected":false},"author":1,"featured_media":0,"parent":0,"menu_order":0,"comment_status":"closed","ping_status":"closed","template":"","meta":[],"jetpack-related-posts":[{"id":918,"url":"https:\/\/www.motocultura.com.br\/home\/moto-customizada-do-ano\/","url_meta":{"origin":4017,"position":0},"title":"MOTO CUSTOMIZADA DO ANO 2019","author":"Motocultura","date":"19 de abril de 2017","format":false,"excerpt":"\u00a0 Inscri\u00e7\u00f5es encerradas 10 motocicletas j\u00e1 foram escolhidas pelos jurados em duas etapas. As 10 disputar\u00e3o o t\u00edtulo no evento HOT RODS BRASIL que acontece nos dias 15, 16 e 17 de novembro em S\u00e3o Bernardo do Campo (SP). O que \u00e9 Motocultura e\u00a0Rockers Self-Garage convidam voc\u00ea e sua motocicleta\u2026","rel":"","context":"Post similar","block_context":{"text":"Post similar","link":""},"img":{"alt_text":"","src":"https:\/\/i0.wp.com\/www.motocultura.com.br\/home\/wp-content\/uploads\/2019\/04\/Wall-etapa-cafe-racer.jpg?resize=350%2C200&ssl=1","width":350,"height":200,"srcset":"https:\/\/i0.wp.com\/www.motocultura.com.br\/home\/wp-content\/uploads\/2019\/04\/Wall-etapa-cafe-racer.jpg?resize=350%2C200&ssl=1 1x, https:\/\/i0.wp.com\/www.motocultura.com.br\/home\/wp-content\/uploads\/2019\/04\/Wall-etapa-cafe-racer.jpg?resize=700%2C400&ssl=1 2x"},"classes":[]},{"id":3006,"url":"https:\/\/www.motocultura.com.br\/home\/concurso-moto-customizada-motocultura-etapa-sul\/","url_meta":{"origin":4017,"position":1},"title":"Concurso Moto Customizada Motocultura Etapa Sul","author":"Motocultura","date":"2 de mar\u00e7o de 2020","format":false,"excerpt":"O que \u00e9 Motocultura e a organiza\u00e7\u00e3o do 8\u1d3c Encontro de Motos 2 Tempos convidam voc\u00ea e sua motocicleta customizada a participarem da quarta edi\u00e7\u00e3o do concurso de customiza\u00e7\u00e3o promovido por Motocultura. E dessa vez com etapa dedicada \u00e0 regi\u00e3o sul. A ideia \u00e9 revelar novos talentos e apoiar o\u2026","rel":"","context":"Post similar","block_context":{"text":"Post similar","link":""},"img":{"alt_text":"","src":"https:\/\/i0.wp.com\/www.motocultura.com.br\/home\/wp-content\/uploads\/2020\/03\/imagem-concurso-pagina.jpg?resize=350%2C200&ssl=1","width":350,"height":200,"srcset":"https:\/\/i0.wp.com\/www.motocultura.com.br\/home\/wp-content\/uploads\/2020\/03\/imagem-concurso-pagina.jpg?resize=350%2C200&ssl=1 1x, https:\/\/i0.wp.com\/www.motocultura.com.br\/home\/wp-content\/uploads\/2020\/03\/imagem-concurso-pagina.jpg?resize=700%2C400&ssl=1 2x"},"classes":[]},{"id":3640,"url":"https:\/\/www.motocultura.com.br\/home\/concurso-de-customizacao-nacional-2020\/","url_meta":{"origin":4017,"position":2},"title":"Concurso nacional de customiza\u00e7\u00e3o Motocultura\u2026","author":"Motocultura","date":"22 de julho de 2020","format":false,"excerpt":"Concurso nacional de customiza\u00e7\u00e3o Motocultura Motocultura tem como um de seus pilares, desde o in\u00edcio, promover e divulgar o trabalho de profissionais da customiza\u00e7\u00e3o no pa\u00eds. Mas, al\u00e9m disso, a ideia \u00e9 dar espa\u00e7o e visibilidade principalmente para as novas gera\u00e7\u00f5es e novos talentos do meio. Uma das iniciativas neste\u2026","rel":"","context":"Post similar","block_context":{"text":"Post similar","link":""},"img":{"alt_text":"","src":"https:\/\/i0.wp.com\/www.motocultura.com.br\/home\/wp-content\/uploads\/2020\/07\/topo-pagina-concurso-1.jpg?resize=350%2C200&ssl=1","width":350,"height":200,"srcset":"https:\/\/i0.wp.com\/www.motocultura.com.br\/home\/wp-content\/uploads\/2020\/07\/topo-pagina-concurso-1.jpg?resize=350%2C200&ssl=1 1x, https:\/\/i0.wp.com\/www.motocultura.com.br\/home\/wp-content\/uploads\/2020\/07\/topo-pagina-concurso-1.jpg?resize=700%2C400&ssl=1 2x"},"classes":[]},{"id":3137,"url":"https:\/\/www.motocultura.com.br\/home\/concurso-arte-pra-cabeca\/","url_meta":{"origin":4017,"position":3},"title":"Concurso Arte Pra Cabe\u00e7a","author":"Motocultura","date":"21 de mar\u00e7o de 2020","format":false,"excerpt":"Voc\u00ea que \u00e9 customizador, ilustrador, pintor ou mesmo entusiasta, que tal manter a mente e as m\u00e3os trabalhando e divulgar seu trabalho para o seu p\u00fablico? Ent\u00e3o a hora \u00e9 agora. Motocultura quer promover uma disputa saud\u00e1vel para justamente mostrar seu trabalho e fortalecer os profissionais que fazem disso seu\u2026","rel":"","context":"Post similar","block_context":{"text":"Post similar","link":""},"img":{"alt_text":"","src":"https:\/\/i0.wp.com\/www.motocultura.com.br\/home\/wp-content\/uploads\/2020\/03\/allan.jpg?resize=350%2C200&ssl=1","width":350,"height":200},"classes":[]},{"id":1362,"url":"https:\/\/www.motocultura.com.br\/home\/concurso-ducati-grafismo\/","url_meta":{"origin":4017,"position":4},"title":"DUCATI SCRAMBLER DOS SONHOS","author":"Motocultura","date":"9 de julho de 2017","format":false,"excerpt":"J\u00e1 pensou em desenhar um grafismo exclusivo para uma Ducati Scrambler? Pois agora voc\u00ea pode e seu desenho pode ir parar em uma Ducati Scrambler novinha! Motocultura e Ducati Campinas convidam voc\u00ea a criar um grafismo super legal para a Scrambler e enviar pra gente! Os melhores desenhos, julgados por\u2026","rel":"","context":"Post similar","block_context":{"text":"Post similar","link":""},"img":{"alt_text":"","src":"https:\/\/i0.wp.com\/www.motocultura.com.br\/home\/wp-content\/uploads\/2017\/07\/pagina.png?resize=350%2C200&ssl=1","width":350,"height":200,"srcset":"https:\/\/i0.wp.com\/www.motocultura.com.br\/home\/wp-content\/uploads\/2017\/07\/pagina.png?resize=350%2C200&ssl=1 1x, https:\/\/i0.wp.com\/www.motocultura.com.br\/home\/wp-content\/uploads\/2017\/07\/pagina.png?resize=700%2C400&ssl=1 2x"},"classes":[]},{"id":3054,"url":"https:\/\/www.motocultura.com.br\/home\/videos\/","url_meta":{"origin":4017,"position":5},"title":"V\u00cdDEOS","author":"Motocultura","date":"11 de mar\u00e7o de 2020","format":false,"excerpt":"Capacete Motocultura por Pamela Papeel Customiza\u00e7\u00e3o j\u00e1 h\u00e1 muito tempo \u00e9 algo que n\u00e3o fica s\u00f3 nas motocicletas. E uma das coisas mais procuradas pelos entusiastas das duas rodas \u00e9 justamente os capacetes personalizados. Depois da moto, o capacete \u00e9 o objeto que mais carrega a personalidade do dono. E\u2026","rel":"","context":"Post similar","block_context":{"text":"Post similar","link":""},"img":{"alt_text":"","src":"https:\/\/i0.wp.com\/img.youtube.com\/vi\/MwlIpQWa1z4\/0.jpg?resize=350%2C200","width":350,"height":200},"classes":[]}],"jetpack_sharing_enabled":true,"_links":{"self":[{"href":"https:\/\/www.motocultura.com.br\/home\/wp-json\/wp\/v2\/pages\/4017"}],"collection":[{"href":"https:\/\/www.motocultura.com.br\/home\/wp-json\/wp\/v2\/pages"}],"about":[{"href":"https:\/\/www.motocultura.com.br\/home\/wp-json\/wp\/v2\/types\/page"}],"author":[{"embeddable":true,"href":"https:\/\/www.motocultura.com.br\/home\/wp-json\/wp\/v2\/users\/1"}],"replies":[{"embeddable":true,"href":"https:\/\/www.motocultura.com.br\/home\/wp-json\/wp\/v2\/comments?post=4017"}],"version-history":[{"count":20,"href":"https:\/\/www.motocultura.com.br\/home\/wp-json\/wp\/v2\/pages\/4017\/revisions"}],"predecessor-version":[{"id":5416,"href":"https:\/\/www.motocultura.com.br\/home\/wp-json\/wp\/v2\/pages\/4017\/revisions\/5416"}],"wp:attachment":[{"href":"https:\/\/www.motocultura.com.br\/home\/wp-json\/wp\/v2\/media?parent=4017"}],"curies":[{"name":"wp","href":"https:\/\/api.w.org\/{rel}","templated":true}]}}