{"id":918,"date":"2017-04-19T13:58:28","date_gmt":"2017-04-19T16:58:28","guid":{"rendered":"https:\/\/www.motocultura.com.br\/home\/?page_id=918"},"modified":"2019-09-25T21:48:13","modified_gmt":"2019-09-26T00:48:13","slug":"moto-customizada-do-ano","status":"publish","type":"page","link":"https:\/\/www.motocultura.com.br\/home\/moto-customizada-do-ano\/","title":{"rendered":"MOTO CUSTOMIZADA DO ANO 2019"},"content":{"rendered":"<p><img decoding=\"async\" loading=\"lazy\" class=\"aligncenter wp-image-2455 size-full\" src=\"https:\/\/www.motocultura.com.br\/home\/wp-content\/uploads\/2019\/04\/Wall-etapa-cafe-racer.jpg\" alt=\"\" width=\"1024\" height=\"537\" srcset=\"https:\/\/www.motocultura.com.br\/home\/wp-content\/uploads\/2019\/04\/Wall-etapa-cafe-racer.jpg 1024w, https:\/\/www.motocultura.com.br\/home\/wp-content\/uploads\/2019\/04\/Wall-etapa-cafe-racer-300x157.jpg 300w, https:\/\/www.motocultura.com.br\/home\/wp-content\/uploads\/2019\/04\/Wall-etapa-cafe-racer-768x403.jpg 768w\" sizes=\"(max-width: 1024px) 100vw, 1024px\" \/><\/p>\n<p>&nbsp;<\/p>\n<h3>Inscri\u00e7\u00f5es encerradas<\/h3>\n<p>10 motocicletas j\u00e1 foram escolhidas pelos jurados em duas etapas. As 10 disputar\u00e3o o t\u00edtulo no evento <a href=\"http:\/\/www.hotrodsbrasil.com.br\/\" target=\"_blank\" rel=\"noopener\">HOT RODS BRASIL<\/a> que acontece nos dias 15, 16 e 17 de novembro em S\u00e3o Bernardo do Campo (SP).<\/p>\n<h3>O que \u00e9<\/h3>\n<p><em><strong>Motocultura <\/strong>e\u00a0<strong>Rockers Self-Garage <\/strong><\/em>convidam voc\u00ea e sua motocicleta customizada a participarem da terceira edi\u00e7\u00e3o do concurso de customiza\u00e7\u00e3o do estado de S\u00e3o Paulo. A ideia \u00e9 revelar novos talentos e apoiar o trabalho de customizadores tanto profissionais quanto entusiastas e amadores.<\/p>\n<h3>Como me inscrevo?<\/h3>\n<p>Inscri\u00e7\u00f5es encerradas.<\/p>\n<h3>Local<\/h3>\n<p>As duas etapas classificat\u00f3rias acontecer\u00e3o na cidade de S\u00e3o Paulo no <strong>Rockers Self-Garage<\/strong> na\u00a0<a href=\"https:\/\/www.google.com\/maps\/place\/R.+Gen.+Chagas+Santos,+607+-+Sa%C3%BAde,+S%C3%A3o+Paulo+-+SP,+04146-050\/@-23.6166422,-46.6320489,17z\/data=!3m1!4b1!4m5!3m4!1s0x94ce5bacf3e0dadd:0x82d041cf4289cda1!8m2!3d-23.6166422!4d-46.6298602\" target=\"_blank\" rel=\"noopener\">Rua General Chagas Santos, 607<\/a>.<\/p>\n<h3>Etapas<\/h3>\n<p><strong>Primeira etapa<\/strong>\u00a0&#8211; S\u00e1bado dia 20 de Julho &#8211; das 14hs as 20hs<\/p>\n<p><strong> Segunda etapa<\/strong>\u00a0&#8211;\u00a0 S\u00e1bado dia 21 de Setembro &#8211; das 14hs as 20hs<\/p>\n<p><strong>Final<\/strong> &#8211; a final acontece no <a href=\"http:\/\/www.hotrodsbrasil.com.br\/\" target=\"_blank\" rel=\"noopener\">HOT RODS BRASIL<\/a> (S\u00e3o Bernardo do Campo) em novembro de 2019.<\/p>\n<h3>Regras e sele\u00e7\u00e3o<\/h3>\n<p>A cada fase, 12 motos ser\u00e3o pr\u00e9-selecionadas uma semana antes do evento pelos jurados dentre todas as inscritas. As escolhidas participam do evento presencial de onde sair\u00e3o duas vencedoras (primeira e segunda colocadas) que ir\u00e3o para a grande final.<\/p>\n<p>Importante:<\/p>\n<p>1 &#8211; Se selecionado para uma das etapas, sua moto deve estar limpa no dia do evento<br \/>\n2 &#8211; Os organizadores ligados diretamente ao evento s\u00e3o proibidos de inscrever sua moto.<br \/>\n3 &#8211; O concurso \u00e9 direcionado ao cen\u00e1rio de customiza\u00e7\u00e3o do estado de S\u00e3o Paulo mas qualquer pessoa de qualquer lugar do Brasil pode participar. Mas fique atento pois os selecionados devem obrigatoriamente estarem presentes em um evento ao longo do ano com sua moto e ter\u00e3o de arcar com os custos de transporte da moto e estadia.<\/p>\n<h3>Premia\u00e7\u00e3o<\/h3>\n<p>As tr\u00eas primeiras colocadas em cada fase ser\u00e3o mat\u00e9ria do site Motocultura, incluindo entrevista com o propriet\u00e1rio, ensaio fotogr\u00e1fico e v\u00eddeo da moto. Al\u00e9m disso, por tabela, \u00a0ser\u00e1 naturalmente divulgada nos grupos de customiza\u00e7\u00e3o e afins. Tamb\u00e9m estamos preparando uma s\u00e9rie de pr\u00eamios legais com nossos parceiros!<\/p>\n<p>Que tal participar? Qualquer d\u00favida, escreva pra gente no contato@www.goseven.com.br.<\/p>\n<h3>Edi\u00e7\u00f5es anteriores<\/h3>\n<p><a href=\"https:\/\/www.motocultura.com.br\/home\/customizacao\/moto-customizada-do-ano-motocultura\/\" target=\"_blank\" rel=\"noopener\">Confira como foi a edi\u00e7\u00e3o de 2017<\/a><\/p>\n<p><a href=\"https:\/\/www.motocultura.com.br\/home\/customizacao\/moto-customizada-do-ano-etapa-cafe-racer\/\" target=\"_blank\" rel=\"noopener\">Confira como foi a edi\u00e7\u00e3o cafe racer de 2018<\/a><\/p>\n<p><a href=\"https:\/\/www.motocultura.com.br\/home\/customizacao\/moto-customizada-do-ano-etapa-scrambler-e-brat\/\" target=\"_blank\" rel=\"noopener\">Confira como foi a edi\u00e7\u00e3o brat e scrambler de 2018<\/a><\/p>\n<h3><\/h3>\n","protected":false},"excerpt":{"rendered":"<p>&nbsp; Inscri\u00e7\u00f5es encerradas 10 motocicletas j\u00e1 foram escolhidas pelos jurados em duas etapas. As 10 disputar\u00e3o o t\u00edtulo no evento HOT RODS BRASIL que acontece nos dias 15, 16 e 17 de novembro em S\u00e3o Bernardo do Campo (SP). O que \u00e9 Motocultura e\u00a0Rockers Self-Garage convidam voc\u00ea e sua motocicleta customizada a participarem da terceira [&hellip;]<\/p>\n","protected":false},"author":1,"featured_media":0,"parent":0,"menu_order":0,"comment_status":"closed","ping_status":"closed","template":"","meta":[],"jetpack-related-posts":[{"id":4017,"url":"https:\/\/www.motocultura.com.br\/home\/concurso-de-customizacao-de-motocicletas-motocultura\/","url_meta":{"origin":918,"position":0},"title":"Concurso de Customiza\u00e7\u00e3o de Motocicletas Motocultura","author":"Motocultura","date":"26 de julho de 2021","format":false,"excerpt":"Est\u00e1 na hora da s\u00e9tima edi\u00e7\u00e3o do concurso de motocicletas customizadas Motocultura! As inscri\u00e7\u00f5es para a edi\u00e7\u00e3o 2023 est\u00e3o abertas! Neste ano, o concurso acontecer\u00e1 de forma totalmente virtual com a presen\u00e7a de convidados especiais e transmitido ao vivo pelo canal do Youtube de Motocultura. Desde 2021 j\u00e1 recebemos inscri\u00e7\u00f5es\u2026","rel":"","context":"Post similar","block_context":{"text":"Post similar","link":""},"img":{"alt_text":"","src":"https:\/\/i0.wp.com\/www.motocultura.com.br\/home\/wp-content\/uploads\/2023\/07\/abre-concurso-motocultura-2023.jpg?resize=350%2C200&ssl=1","width":350,"height":200,"srcset":"https:\/\/i0.wp.com\/www.motocultura.com.br\/home\/wp-content\/uploads\/2023\/07\/abre-concurso-motocultura-2023.jpg?resize=350%2C200&ssl=1 1x, https:\/\/i0.wp.com\/www.motocultura.com.br\/home\/wp-content\/uploads\/2023\/07\/abre-concurso-motocultura-2023.jpg?resize=700%2C400&ssl=1 2x, https:\/\/i0.wp.com\/www.motocultura.com.br\/home\/wp-content\/uploads\/2023\/07\/abre-concurso-motocultura-2023.jpg?resize=1050%2C600&ssl=1 3x"},"classes":[]},{"id":3006,"url":"https:\/\/www.motocultura.com.br\/home\/concurso-moto-customizada-motocultura-etapa-sul\/","url_meta":{"origin":918,"position":1},"title":"Concurso Moto Customizada Motocultura Etapa Sul","author":"Motocultura","date":"2 de mar\u00e7o de 2020","format":false,"excerpt":"O que \u00e9 Motocultura e a organiza\u00e7\u00e3o do 8\u1d3c Encontro de Motos 2 Tempos convidam voc\u00ea e sua motocicleta customizada a participarem da quarta edi\u00e7\u00e3o do concurso de customiza\u00e7\u00e3o promovido por Motocultura. E dessa vez com etapa dedicada \u00e0 regi\u00e3o sul. A ideia \u00e9 revelar novos talentos e apoiar o\u2026","rel":"","context":"Post similar","block_context":{"text":"Post similar","link":""},"img":{"alt_text":"","src":"https:\/\/i0.wp.com\/www.motocultura.com.br\/home\/wp-content\/uploads\/2020\/03\/imagem-concurso-pagina.jpg?resize=350%2C200&ssl=1","width":350,"height":200,"srcset":"https:\/\/i0.wp.com\/www.motocultura.com.br\/home\/wp-content\/uploads\/2020\/03\/imagem-concurso-pagina.jpg?resize=350%2C200&ssl=1 1x, https:\/\/i0.wp.com\/www.motocultura.com.br\/home\/wp-content\/uploads\/2020\/03\/imagem-concurso-pagina.jpg?resize=700%2C400&ssl=1 2x"},"classes":[]},{"id":3640,"url":"https:\/\/www.motocultura.com.br\/home\/concurso-de-customizacao-nacional-2020\/","url_meta":{"origin":918,"position":2},"title":"Concurso nacional de customiza\u00e7\u00e3o Motocultura\u2026","author":"Motocultura","date":"22 de julho de 2020","format":false,"excerpt":"Concurso nacional de customiza\u00e7\u00e3o Motocultura Motocultura tem como um de seus pilares, desde o in\u00edcio, promover e divulgar o trabalho de profissionais da customiza\u00e7\u00e3o no pa\u00eds. Mas, al\u00e9m disso, a ideia \u00e9 dar espa\u00e7o e visibilidade principalmente para as novas gera\u00e7\u00f5es e novos talentos do meio. Uma das iniciativas neste\u2026","rel":"","context":"Post similar","block_context":{"text":"Post similar","link":""},"img":{"alt_text":"","src":"https:\/\/i0.wp.com\/www.motocultura.com.br\/home\/wp-content\/uploads\/2020\/07\/topo-pagina-concurso-1.jpg?resize=350%2C200&ssl=1","width":350,"height":200,"srcset":"https:\/\/i0.wp.com\/www.motocultura.com.br\/home\/wp-content\/uploads\/2020\/07\/topo-pagina-concurso-1.jpg?resize=350%2C200&ssl=1 1x, https:\/\/i0.wp.com\/www.motocultura.com.br\/home\/wp-content\/uploads\/2020\/07\/topo-pagina-concurso-1.jpg?resize=700%2C400&ssl=1 2x"},"classes":[]},{"id":3054,"url":"https:\/\/www.motocultura.com.br\/home\/videos\/","url_meta":{"origin":918,"position":3},"title":"V\u00cdDEOS","author":"Motocultura","date":"11 de mar\u00e7o de 2020","format":false,"excerpt":"Capacete Motocultura por Pamela Papeel Customiza\u00e7\u00e3o j\u00e1 h\u00e1 muito tempo \u00e9 algo que n\u00e3o fica s\u00f3 nas motocicletas. E uma das coisas mais procuradas pelos entusiastas das duas rodas \u00e9 justamente os capacetes personalizados. Depois da moto, o capacete \u00e9 o objeto que mais carrega a personalidade do dono. E\u2026","rel":"","context":"Post similar","block_context":{"text":"Post similar","link":""},"img":{"alt_text":"","src":"https:\/\/i0.wp.com\/img.youtube.com\/vi\/MwlIpQWa1z4\/0.jpg?resize=350%2C200","width":350,"height":200},"classes":[]},{"id":3137,"url":"https:\/\/www.motocultura.com.br\/home\/concurso-arte-pra-cabeca\/","url_meta":{"origin":918,"position":4},"title":"Concurso Arte Pra Cabe\u00e7a","author":"Motocultura","date":"21 de mar\u00e7o de 2020","format":false,"excerpt":"Voc\u00ea que \u00e9 customizador, ilustrador, pintor ou mesmo entusiasta, que tal manter a mente e as m\u00e3os trabalhando e divulgar seu trabalho para o seu p\u00fablico? Ent\u00e3o a hora \u00e9 agora. Motocultura quer promover uma disputa saud\u00e1vel para justamente mostrar seu trabalho e fortalecer os profissionais que fazem disso seu\u2026","rel":"","context":"Post similar","block_context":{"text":"Post similar","link":""},"img":{"alt_text":"","src":"https:\/\/i0.wp.com\/www.motocultura.com.br\/home\/wp-content\/uploads\/2020\/03\/allan.jpg?resize=350%2C200&ssl=1","width":350,"height":200},"classes":[]},{"id":1362,"url":"https:\/\/www.motocultura.com.br\/home\/concurso-ducati-grafismo\/","url_meta":{"origin":918,"position":5},"title":"DUCATI SCRAMBLER DOS SONHOS","author":"Motocultura","date":"9 de julho de 2017","format":false,"excerpt":"J\u00e1 pensou em desenhar um grafismo exclusivo para uma Ducati Scrambler? Pois agora voc\u00ea pode e seu desenho pode ir parar em uma Ducati Scrambler novinha! Motocultura e Ducati Campinas convidam voc\u00ea a criar um grafismo super legal para a Scrambler e enviar pra gente! Os melhores desenhos, julgados por\u2026","rel":"","context":"Post similar","block_context":{"text":"Post similar","link":""},"img":{"alt_text":"","src":"https:\/\/i0.wp.com\/www.motocultura.com.br\/home\/wp-content\/uploads\/2017\/07\/pagina.png?resize=350%2C200&ssl=1","width":350,"height":200,"srcset":"https:\/\/i0.wp.com\/www.motocultura.com.br\/home\/wp-content\/uploads\/2017\/07\/pagina.png?resize=350%2C200&ssl=1 1x, https:\/\/i0.wp.com\/www.motocultura.com.br\/home\/wp-content\/uploads\/2017\/07\/pagina.png?resize=700%2C400&ssl=1 2x"},"classes":[]}],"jetpack_sharing_enabled":true,"_links":{"self":[{"href":"https:\/\/www.motocultura.com.br\/home\/wp-json\/wp\/v2\/pages\/918"}],"collection":[{"href":"https:\/\/www.motocultura.com.br\/home\/wp-json\/wp\/v2\/pages"}],"about":[{"href":"https:\/\/www.motocultura.com.br\/home\/wp-json\/wp\/v2\/types\/page"}],"author":[{"embeddable":true,"href":"https:\/\/www.motocultura.com.br\/home\/wp-json\/wp\/v2\/users\/1"}],"replies":[{"embeddable":true,"href":"https:\/\/www.motocultura.com.br\/home\/wp-json\/wp\/v2\/comments?post=918"}],"version-history":[{"count":0,"href":"https:\/\/www.motocultura.com.br\/home\/wp-json\/wp\/v2\/pages\/918\/revisions"}],"wp:attachment":[{"href":"https:\/\/www.motocultura.com.br\/home\/wp-json\/wp\/v2\/media?parent=918"}],"curies":[{"name":"wp","href":"https:\/\/api.w.org\/{rel}","templated":true}]}}